{"id":3955,"date":"2025-08-21T11:48:35","date_gmt":"2025-08-21T11:48:35","guid":{"rendered":"https:\/\/funasdalen.se\/?page_id=3955"},"modified":"2025-09-16T14:11:22","modified_gmt":"2025-09-16T14:11:22","slug":"paddling","status":"publish","type":"page","link":"https:\/\/funasdalen.se\/en\/sommar\/paddling\/","title":{"rendered":"Paddling"},"content":{"rendered":"<div class=\"wp-block-uagb-container uagb-block-267d7a82 alignfull uagb-is-root-container\">\n<header class=\"wp-block-uagb-advanced-heading uagb-block-a4b24164\"><h1 class=\"uagb-heading-text\">Paddling in Fun\u00e4sdalen<\/h1><div class=\"uagb-separator\"><\/div><\/header>\n<\/div>\n\n\n\n<div class=\"wp-block-uagb-container uag-blocks-common-selector uagb-block-25fc7c27 alignfull uagb-is-root-container\"><div class=\"uagb-container-inner-blocks-wrap\">\n<div class=\"wp-block-uagb-container uagb-block-0158e845\">\n<div class=\"wp-block-uagb-advanced-heading uagb-block-e033b626\"><h2 class=\"uagb-heading-text\">Paddle SUP in Fun\u00e4sdalen and enjoy the silence of the mountains<\/h2><p class=\"uagb-desc-text\">SUP paddling in Fun\u00e4sdalen is one of the most relaxing ways to experience the mountains in summer. With the mountain peaks as a backdrop and mirror-like lakes under the board, you get a sense of freedom that is hard to beat. SUP is suitable for both beginners and more experienced paddlers, and it's an activity the whole family can enjoy together. Standing on the board and gliding across the water gives a new perspective on mountain nature.<\/p><\/div>\n<\/div>\n\n\n\n<div class=\"wp-block-uagb-container uag-blocks-common-selector uagb-block-03cb8940\">\n<div data-aos= \"fade-up\" data-aos-duration=\"400\" data-aos-delay=\"0\" data-aos-easing=\"ease\" data-aos-once=\"true\" class=\"wp-block-uagb-image uagb-block-ca6fe7ed wp-block-uagb-image--layout-default wp-block-uagb-image--effect-static wp-block-uagb-image--align-none uag-blocks-common-selector\" style=\"--z-index-desktop:undefined;;--z-index-tablet:1000;;--z-index-mobile:undefined;\"><figure class=\"wp-block-uagb-image__figure\"><img decoding=\"async\" srcset=\"https:\/\/funasdalen.se\/wp-content\/uploads\/2025\/08\/sup_4-1024x768.jpg ,https:\/\/funasdalen.se\/wp-content\/uploads\/2025\/08\/sup_4.jpg 780w, https:\/\/funasdalen.se\/wp-content\/uploads\/2025\/08\/sup_4.jpg 360w\" sizes=\"auto, (max-width: 480px) 150px\" src=\"https:\/\/funasdalen.se\/wp-content\/uploads\/2025\/08\/sup_4-1024x768.jpg\" alt=\"\" class=\"uag-image-3599\" width=\"800\" height=\"600\" title=\"\" loading=\"lazy\" role=\"presentation\"\/><\/figure><\/div>\n<\/div>\n<\/div><\/div>\n\n\n\n<div class=\"wp-block-uagb-container uag-blocks-common-selector uagb-block-3c106545 alignfull uagb-is-root-container\"><div class=\"uagb-container-inner-blocks-wrap\">\n<div class=\"wp-block-uagb-container uagb-block-bf949454 alignfull uagb-is-root-container\">\n<div class=\"wp-block-uagb-container uagb-block-07b90a15\">\n<div data-aos= \"fade-right\" data-aos-duration=\"400\" data-aos-delay=\"0\" data-aos-easing=\"ease\" data-aos-once=\"true\" class=\"wp-block-uagb-image alignleft uagb-block-d827c358 wp-block-uagb-image--layout-default wp-block-uagb-image--effect-static wp-block-uagb-image--align-left\"><figure class=\"wp-block-uagb-image__figure\"><img decoding=\"async\" srcset=\"https:\/\/funasdalen.se\/wp-content\/uploads\/2025\/08\/g0568782-1024x896.jpg ,https:\/\/funasdalen.se\/wp-content\/uploads\/2025\/08\/g0568782-scaled.jpg 780w, https:\/\/funasdalen.se\/wp-content\/uploads\/2025\/08\/g0568782-scaled.jpg 360w\" sizes=\"auto, (max-width: 480px) 150px\" src=\"https:\/\/funasdalen.se\/wp-content\/uploads\/2025\/08\/g0568782-1024x896.jpg\" alt=\"\" class=\"uag-image-3580\" width=\"600\" height=\"450\" title=\"DCIM101GOPROG0568782.JPG\" loading=\"lazy\" role=\"img\"\/><\/figure><\/div>\n<\/div>\n\n\n\n<div class=\"wp-block-uagb-container uag-blocks-common-selector uagb-block-8a9f0b9f\">\n<div class=\"wp-block-uagb-info-box uagb-block-12f2c097 uagb-infobox__content-wrap  uagb-infobox-icon-above-title uagb-infobox-image-valign-top\"><div class=\"uagb-ifb-content\"><div class=\"uagb-ifb-title-wrap\"><h3 class=\"uagb-ifb-title\">Canoeing in Fun\u00e4sdalen for family-friendly adventures<\/h3><\/div><p class=\"uagb-ifb-desc\">A canoe trip on one of Fun\u00e4sdalen's lakes is perfect for those who want to experience nature at a leisurely pace. Canoeing in Fun\u00e4sdalen provides space for both packing and family members, making it an activity that everyone can participate in. It's easy to stop for a picnic at the beach, swim from the canoe or just sit back and let nature take center stage. Canoeing is a timeless way to discover the mountains.<\/p><\/div><\/div>\n<\/div>\n<\/div>\n\n\n\n<div class=\"wp-block-uagb-container uagb-block-5551b3d1\">\n<div class=\"wp-block-uagb-container uag-blocks-common-selector uagb-block-db59f3b9\">\n<div class=\"wp-block-uagb-info-box uagb-block-25e06144 uagb-infobox__content-wrap  uagb-infobox-icon-above-title uagb-infobox-image-valign-top\"><div class=\"uagb-ifb-content\"><div class=\"uagb-ifb-title-wrap\"><h3 class=\"uagb-ifb-title\">Kayak in Fun\u00e4sdalen for more speed and proximity to the water<\/h3><\/div><p class=\"uagb-ifb-desc\">Whether you choose SUP, canoe or kayak, paddling in Fun\u00e4sdalen is an experience that creates memories. There is water for both shorter trips and longer adventures, and the nature around is always present. It's just as easy to combine kayaking with other activities such as hiking or cycling, as it is to let it be the highlight of your day. In summer, the mountains are at their most vibrant, and from the water you get a unique chance to take it all in.<\/p><\/div><\/div>\n<\/div>\n\n\n\n<div class=\"wp-block-uagb-container uagb-block-22882197\">\n<div data-aos= \"fade-left\" data-aos-duration=\"400\" data-aos-delay=\"0\" data-aos-easing=\"ease\" data-aos-once=\"true\" class=\"wp-block-uagb-image alignleft uagb-block-kqftwy6i wp-block-uagb-image--layout-default wp-block-uagb-image--effect-static wp-block-uagb-image--align-left\"><figure class=\"wp-block-uagb-image__figure\"><img decoding=\"async\" srcset=\"https:\/\/funasdalen.se\/wp-content\/uploads\/2025\/08\/lin00916-1024x683.jpg ,https:\/\/funasdalen.se\/wp-content\/uploads\/2025\/08\/lin00916-scaled.jpg 780w, https:\/\/funasdalen.se\/wp-content\/uploads\/2025\/08\/lin00916-scaled.jpg 360w\" sizes=\"auto, (max-width: 480px) 150px\" src=\"https:\/\/funasdalen.se\/wp-content\/uploads\/2025\/08\/lin00916-1024x683.jpg\" alt=\"\" class=\"uag-image-3582\" width=\"600\" height=\"450\" title=\"lin00916\" loading=\"lazy\" role=\"img\"\/><\/figure><\/div>\n<\/div>\n<\/div>\n<\/div><\/div>","protected":false},"excerpt":{"rendered":"<p>Paddle in Fun\u00e4sdalen Paddle a SUP in Fun\u00e4sdalen and enjoy the tranquillity of the mountains Paddling a SUP in Fun\u00e4sdalen is one of the most relaxing ways to experience the mountains in summer. With the mountain peaks as a backdrop and mirror-like lakes under your board, you get a sense of freedom that is hard to beat. SUP is suitable for both beginners and more experienced paddlers, and it's an activity the whole family can enjoy together. Standing on the board and gliding across the water gives a new perspective on mountain nature.<\/p>","protected":false},"author":1,"featured_media":3599,"parent":3660,"menu_order":0,"comment_status":"closed","ping_status":"open","template":"","meta":{"_uag_custom_page_level_css":"","site-sidebar-layout":"default","site-content-layout":"","ast-site-content-layout":"default","site-content-style":"default","site-sidebar-style":"default","ast-global-header-display":"","ast-banner-title-visibility":"","ast-main-header-display":"","ast-hfb-above-header-display":"","ast-hfb-below-header-display":"","ast-hfb-mobile-header-display":"","site-post-title":"","ast-breadcrumbs-content":"","ast-featured-img":"","footer-sml-layout":"","ast-disable-related-posts":"","theme-transparent-header-meta":"","adv-header-id-meta":"","stick-header-meta":"","header-above-stick-meta":"","header-main-stick-meta":"","header-below-stick-meta":"","astra-migrate-meta-layouts":"set","ast-page-background-enabled":"default","ast-page-background-meta":{"desktop":{"background-color":"","background-image":"","background-repeat":"repeat","background-position":"center center","background-size":"auto","background-attachment":"scroll","background-type":"","background-media":"","overlay-type":"","overlay-color":"","overlay-opacity":"","overlay-gradient":""},"tablet":{"background-color":"","background-image":"","background-repeat":"repeat","background-position":"center center","background-size":"auto","background-attachment":"scroll","background-type":"","background-media":"","overlay-type":"","overlay-color":"","overlay-opacity":"","overlay-gradient":""},"mobile":{"background-color":"","background-image":"","background-repeat":"repeat","background-position":"center center","background-size":"auto","background-attachment":"scroll","background-type":"","background-media":"","overlay-type":"","overlay-color":"","overlay-opacity":"","overlay-gradient":""}},"ast-content-background-meta":{"desktop":{"background-color":"var(--ast-global-color-5)","background-image":"","background-repeat":"repeat","background-position":"center center","background-size":"auto","background-attachment":"scroll","background-type":"","background-media":"","overlay-type":"","overlay-color":"","overlay-opacity":"","overlay-gradient":""},"tablet":{"background-color":"var(--ast-global-color-5)","background-image":"","background-repeat":"repeat","background-position":"center center","background-size":"auto","background-attachment":"scroll","background-type":"","background-media":"","overlay-type":"","overlay-color":"","overlay-opacity":"","overlay-gradient":""},"mobile":{"background-color":"var(--ast-global-color-5)","background-image":"","background-repeat":"repeat","background-position":"center center","background-size":"auto","background-attachment":"scroll","background-type":"","background-media":"","overlay-type":"","overlay-color":"","overlay-opacity":"","overlay-gradient":""}},"footnotes":""},"class_list":["post-3955","page","type-page","status-publish","has-post-thumbnail","hentry"],"spectra_custom_meta":{"_edit_lock":["1758031888:1"],"_uag_custom_page_level_css":[""],"site-sidebar-layout":["default"],"site-content-layout":[""],"ast-site-content-layout":["default"],"site-content-style":["default"],"site-sidebar-style":["default"],"ast-global-header-display":[""],"ast-banner-title-visibility":[""],"ast-main-header-display":[""],"ast-hfb-above-header-display":[""],"ast-hfb-below-header-display":[""],"ast-hfb-mobile-header-display":[""],"site-post-title":[""],"ast-breadcrumbs-content":[""],"ast-featured-img":[""],"footer-sml-layout":[""],"theme-transparent-header-meta":[""],"adv-header-id-meta":[""],"stick-header-meta":[""],"header-above-stick-meta":[""],"header-main-stick-meta":[""],"header-below-stick-meta":[""],"astra-migrate-meta-layouts":["set"],"ast-page-background-enabled":["default"],"ast-page-background-meta":["a:3:{s:7:\"desktop\";a:12:{s:16:\"background-color\";s:0:\"\";s:16:\"background-image\";s:0:\"\";s:17:\"background-repeat\";s:6:\"repeat\";s:19:\"background-position\";s:13:\"center center\";s:15:\"background-size\";s:4:\"auto\";s:21:\"background-attachment\";s:6:\"scroll\";s:15:\"background-type\";s:0:\"\";s:16:\"background-media\";s:0:\"\";s:12:\"overlay-type\";s:0:\"\";s:13:\"overlay-color\";s:0:\"\";s:15:\"overlay-opacity\";s:0:\"\";s:16:\"overlay-gradient\";s:0:\"\";}s:6:\"tablet\";a:12:{s:16:\"background-color\";s:0:\"\";s:16:\"background-image\";s:0:\"\";s:17:\"background-repeat\";s:6:\"repeat\";s:19:\"background-position\";s:13:\"center center\";s:15:\"background-size\";s:4:\"auto\";s:21:\"background-attachment\";s:6:\"scroll\";s:15:\"background-type\";s:0:\"\";s:16:\"background-media\";s:0:\"\";s:12:\"overlay-type\";s:0:\"\";s:13:\"overlay-color\";s:0:\"\";s:15:\"overlay-opacity\";s:0:\"\";s:16:\"overlay-gradient\";s:0:\"\";}s:6:\"mobile\";a:12:{s:16:\"background-color\";s:0:\"\";s:16:\"background-image\";s:0:\"\";s:17:\"background-repeat\";s:6:\"repeat\";s:19:\"background-position\";s:13:\"center center\";s:15:\"background-size\";s:4:\"auto\";s:21:\"background-attachment\";s:6:\"scroll\";s:15:\"background-type\";s:0:\"\";s:16:\"background-media\";s:0:\"\";s:12:\"overlay-type\";s:0:\"\";s:13:\"overlay-color\";s:0:\"\";s:15:\"overlay-opacity\";s:0:\"\";s:16:\"overlay-gradient\";s:0:\"\";}}"],"ast-content-background-meta":["a:3:{s:7:\"desktop\";a:12:{s:16:\"background-color\";s:25:\"var(--ast-global-color-5)\";s:16:\"background-image\";s:0:\"\";s:17:\"background-repeat\";s:6:\"repeat\";s:19:\"background-position\";s:13:\"center center\";s:15:\"background-size\";s:4:\"auto\";s:21:\"background-attachment\";s:6:\"scroll\";s:15:\"background-type\";s:0:\"\";s:16:\"background-media\";s:0:\"\";s:12:\"overlay-type\";s:0:\"\";s:13:\"overlay-color\";s:0:\"\";s:15:\"overlay-opacity\";s:0:\"\";s:16:\"overlay-gradient\";s:0:\"\";}s:6:\"tablet\";a:12:{s:16:\"background-color\";s:25:\"var(--ast-global-color-5)\";s:16:\"background-image\";s:0:\"\";s:17:\"background-repeat\";s:6:\"repeat\";s:19:\"background-position\";s:13:\"center center\";s:15:\"background-size\";s:4:\"auto\";s:21:\"background-attachment\";s:6:\"scroll\";s:15:\"background-type\";s:0:\"\";s:16:\"background-media\";s:0:\"\";s:12:\"overlay-type\";s:0:\"\";s:13:\"overlay-color\";s:0:\"\";s:15:\"overlay-opacity\";s:0:\"\";s:16:\"overlay-gradient\";s:0:\"\";}s:6:\"mobile\";a:12:{s:16:\"background-color\";s:25:\"var(--ast-global-color-5)\";s:16:\"background-image\";s:0:\"\";s:17:\"background-repeat\";s:6:\"repeat\";s:19:\"background-position\";s:13:\"center center\";s:15:\"background-size\";s:4:\"auto\";s:21:\"background-attachment\";s:6:\"scroll\";s:15:\"background-type\";s:0:\"\";s:16:\"background-media\";s:0:\"\";s:12:\"overlay-type\";s:0:\"\";s:13:\"overlay-color\";s:0:\"\";s:15:\"overlay-opacity\";s:0:\"\";s:16:\"overlay-gradient\";s:0:\"\";}}"],"footnotes":[""],"_edit_last":["1"],"_yoast_wpseo_content_score":["60"],"_yoast_wpseo_estimated-reading-time-minutes":["2"],"_yoast_wpseo_focuskw":["Paddling Fun\u00e4sdalen"],"_yoast_wpseo_metadesc":["Upplev paddling i Fun\u00e4sdalen. Hyr SUP, kanot eller kajak och njut av fj\u00e4llens sj\u00f6ar och vattendrag. Boka ditt \u00e4ventyr i sommar redan idag!"],"_yoast_wpseo_linkdex":["69"],"astra_style_timestamp_css":["1776335819"],"_thumbnail_id":["3599"],"_wds_analysis":["a:3:{s:6:\"errors\";a:5:{s:24:\"wds-checks::title_length\";s:27:\"Your SEO title is too short\";s:28:\"wds-checks::imgalts_keywords\";s:59:\"None of your image alt texts contain the focus keyphrase(s)\";s:26:\"wds-checks::content_length\";s:83:\"The text contains 249 words which is less than the recommended minimum of 300 words\";s:27:\"wds-checks::keyword_density\";s:35:\"You haven't used any keyphrases yet\";s:23:\"wds-checks::links_count\";s:64:\"You haven't added any internal or external links in your content\";}s:10:\"percentage\";i:71;s:6:\"checks\";a:16:{s:5:\"focus\";a:3:{s:6:\"status\";b:1;s:7:\"ignored\";b:0;s:6:\"result\";a:1:{s:5:\"state\";b:1;}}s:15:\"focus_stopwords\";a:3:{s:6:\"status\";b:1;s:7:\"ignored\";b:0;s:6:\"result\";a:2:{s:5:\"state\";b:1;s:6:\"phrase\";s:10:\"key phrase\";}}s:14:\"title_keywords\";a:3:{s:6:\"status\";b:1;s:7:\"ignored\";b:0;s:6:\"result\";a:1:{s:5:\"state\";b:1;}}s:12:\"title_length\";a:3:{s:6:\"status\";b:0;s:7:\"ignored\";b:0;s:6:\"result\";a:2:{s:6:\"length\";i:22;s:5:\"state\";i:-1;}}s:17:\"metadesc_keywords\";a:3:{s:6:\"status\";b:1;s:7:\"ignored\";b:0;s:6:\"result\";a:1:{s:5:\"state\";b:1;}}s:15:\"metadesc_length\";a:3:{s:6:\"status\";b:1;s:7:\"ignored\";b:0;s:6:\"result\";a:1:{s:5:\"state\";b:1;}}s:13:\"slug_keywords\";a:3:{s:6:\"status\";b:1;s:7:\"ignored\";b:0;s:6:\"result\";a:1:{s:5:\"state\";b:1;}}s:16:\"slug_underscores\";a:3:{s:6:\"status\";b:1;s:7:\"ignored\";b:0;s:6:\"result\";a:2:{s:5:\"state\";b:1;s:7:\"mark_up\";s:8:\"paddling\";}}s:13:\"keywords_used\";a:3:{s:6:\"status\";b:1;s:7:\"ignored\";b:0;s:6:\"result\";a:1:{s:5:\"state\";b:1;}}s:18:\"metadesc_handcraft\";a:3:{s:6:\"status\";b:1;s:7:\"ignored\";b:0;s:6:\"result\";a:1:{s:5:\"state\";b:1;}}s:16:\"imgalts_keywords\";a:3:{s:6:\"status\";b:0;s:7:\"ignored\";b:0;s:6:\"result\";a:5:{s:5:\"state\";b:0;s:7:\"percent\";i:0;s:12:\"has_featured\";b:1;s:7:\"img_cnt\";i:3;s:13:\"focus_img_cnt\";i:0;}}s:14:\"content_length\";a:3:{s:6:\"status\";b:0;s:7:\"ignored\";b:0;s:6:\"result\";a:3:{s:5:\"state\";b:0;s:3:\"min\";i:300;s:5:\"count\";i:249;}}s:15:\"keyword_density\";a:3:{s:6:\"status\";b:0;s:7:\"ignored\";b:0;s:6:\"result\";a:5:{s:5:\"state\";b:0;s:7:\"density\";i:0;s:3:\"min\";i:1;s:3:\"max\";i:3;s:4:\"type\";s:17:\"primary keyphrase\";}}s:11:\"links_count\";a:3:{s:6:\"status\";b:0;s:7:\"ignored\";b:0;s:6:\"result\";a:3:{s:5:\"state\";b:0;s:8:\"internal\";i:0;s:5:\"total\";i:0;}}s:13:\"para_keywords\";a:3:{s:6:\"status\";b:1;s:7:\"ignored\";b:0;s:6:\"result\";a:1:{s:5:\"state\";b:1;}}s:20:\"subheadings_keywords\";a:3:{s:6:\"status\";b:1;s:7:\"ignored\";b:0;s:6:\"result\";a:3:{s:5:\"state\";b:1;s:5:\"count\";i:4;s:10:\"is_primary\";b:1;}}}}"],"_wds_analysis_extra":["a:0:{}"],"_wds_readability":["a:4:{s:5:\"score\";i:0;s:9:\"raw_score\";b:0;s:11:\"is_readable\";b:0;s:5:\"error\";s:40:\"Your language is currently not supported\";}"],"_wphb_singular_css_status":["error"],"_uagb_previous_block_counts":["a:90:{s:21:\"uagb\/advanced-heading\";i:2;s:15:\"uagb\/blockquote\";i:0;s:12:\"uagb\/buttons\";i:0;s:18:\"uagb\/buttons-child\";i:0;s:19:\"uagb\/call-to-action\";i:0;s:15:\"uagb\/cf7-styler\";i:0;s:11:\"uagb\/column\";i:0;s:12:\"uagb\/columns\";i:0;s:14:\"uagb\/container\";i:11;s:21:\"uagb\/content-timeline\";i:0;s:27:\"uagb\/content-timeline-child\";i:0;s:14:\"uagb\/countdown\";i:0;s:12:\"uagb\/counter\";i:0;s:8:\"uagb\/faq\";i:0;s:14:\"uagb\/faq-child\";i:0;s:10:\"uagb\/forms\";i:0;s:17:\"uagb\/forms-accept\";i:0;s:19:\"uagb\/forms-checkbox\";i:0;s:15:\"uagb\/forms-date\";i:0;s:16:\"uagb\/forms-email\";i:0;s:17:\"uagb\/forms-hidden\";i:0;s:15:\"uagb\/forms-name\";i:0;s:16:\"uagb\/forms-phone\";i:0;s:16:\"uagb\/forms-radio\";i:0;s:17:\"uagb\/forms-select\";i:0;s:19:\"uagb\/forms-textarea\";i:0;s:17:\"uagb\/forms-toggle\";i:0;s:14:\"uagb\/forms-url\";i:0;s:14:\"uagb\/gf-styler\";i:0;s:15:\"uagb\/google-map\";i:0;s:11:\"uagb\/how-to\";i:0;s:16:\"uagb\/how-to-step\";i:0;s:9:\"uagb\/icon\";i:0;s:14:\"uagb\/icon-list\";i:0;s:20:\"uagb\/icon-list-child\";i:0;s:10:\"uagb\/image\";i:3;s:18:\"uagb\/image-gallery\";i:0;s:13:\"uagb\/info-box\";i:2;s:18:\"uagb\/inline-notice\";i:0;s:11:\"uagb\/lottie\";i:0;s:21:\"uagb\/marketing-button\";i:0;s:10:\"uagb\/modal\";i:0;s:18:\"uagb\/popup-builder\";i:0;s:16:\"uagb\/post-button\";i:0;s:18:\"uagb\/post-carousel\";i:0;s:17:\"uagb\/post-excerpt\";i:0;s:14:\"uagb\/post-grid\";i:0;s:15:\"uagb\/post-image\";i:0;s:17:\"uagb\/post-masonry\";i:0;s:14:\"uagb\/post-meta\";i:0;s:18:\"uagb\/post-taxonomy\";i:0;s:18:\"uagb\/post-timeline\";i:0;s:15:\"uagb\/post-title\";i:0;s:20:\"uagb\/restaurant-menu\";i:0;s:26:\"uagb\/restaurant-menu-child\";i:0;s:11:\"uagb\/review\";i:0;s:12:\"uagb\/section\";i:0;s:14:\"uagb\/separator\";i:0;s:11:\"uagb\/slider\";i:0;s:17:\"uagb\/slider-child\";i:0;s:17:\"uagb\/social-share\";i:0;s:23:\"uagb\/social-share-child\";i:0;s:16:\"uagb\/star-rating\";i:0;s:23:\"uagb\/sure-cart-checkout\";i:0;s:22:\"uagb\/sure-cart-product\";i:0;s:15:\"uagb\/sure-forms\";i:0;s:22:\"uagb\/table-of-contents\";i:0;s:9:\"uagb\/tabs\";i:0;s:15:\"uagb\/tabs-child\";i:0;s:18:\"uagb\/taxonomy-list\";i:0;s:9:\"uagb\/team\";i:0;s:16:\"uagb\/testimonial\";i:0;s:14:\"uagb\/wp-search\";i:0;s:19:\"uagb\/instagram-feed\";i:0;s:10:\"uagb\/login\";i:0;s:17:\"uagb\/loop-builder\";i:0;s:18:\"uagb\/loop-category\";i:0;s:20:\"uagb\/loop-pagination\";i:0;s:15:\"uagb\/loop-reset\";i:0;s:16:\"uagb\/loop-search\";i:0;s:14:\"uagb\/loop-sort\";i:0;s:17:\"uagb\/loop-wrapper\";i:0;s:13:\"uagb\/register\";i:0;s:19:\"uagb\/register-email\";i:0;s:24:\"uagb\/register-first-name\";i:0;s:23:\"uagb\/register-last-name\";i:0;s:22:\"uagb\/register-password\";i:0;s:30:\"uagb\/register-reenter-password\";i:0;s:19:\"uagb\/register-terms\";i:0;s:22:\"uagb\/register-username\";i:0;}"],"_uagb_last_spectra_edit":["1773050711"]},"uagb_featured_image_src":{"full":["https:\/\/funasdalen.se\/wp-content\/uploads\/2025\/08\/sup_4.jpg",1600,1200,false],"thumbnail":["https:\/\/funasdalen.se\/wp-content\/uploads\/2025\/08\/sup_4-150x150.jpg",150,150,true],"medium":["https:\/\/funasdalen.se\/wp-content\/uploads\/2025\/08\/sup_4-300x225.jpg",300,225,true],"medium_large":["https:\/\/funasdalen.se\/wp-content\/uploads\/2025\/08\/sup_4-768x576.jpg",768,576,true],"large":["https:\/\/funasdalen.se\/wp-content\/uploads\/2025\/08\/sup_4-1024x768.jpg",1024,768,true],"1536x1536":["https:\/\/funasdalen.se\/wp-content\/uploads\/2025\/08\/sup_4-1536x1152.jpg",1536,1152,true],"2048x2048":["https:\/\/funasdalen.se\/wp-content\/uploads\/2025\/08\/sup_4.jpg",1600,1200,false],"trp-custom-language-flag":["https:\/\/funasdalen.se\/wp-content\/uploads\/2025\/08\/sup_4.jpg",16,12,false]},"uagb_author_info":{"display_name":"Emil Ericsson","author_link":"https:\/\/funasdalen.se\/en\/author\/emiladmin\/"},"uagb_comment_info":0,"uagb_excerpt":"Paddling i Fun\u00e4sdalen Paddla SUP i Fun\u00e4sdalen och njut av fj\u00e4llens stillhet Att paddla SUP i Fun\u00e4sdalen \u00e4r ett av de mest avslappnande s\u00e4tten att uppleva fj\u00e4llen p\u00e5 sommaren. Med fj\u00e4lltopparna som kuliss och spegelblanka sj\u00f6ar under br\u00e4dan f\u00e5r du en k\u00e4nsla av frihet som \u00e4r sv\u00e5rslagen. SUP passar b\u00e5de nyb\u00f6rjare och mer erfarna paddlare,&hellip;","_links":{"self":[{"href":"https:\/\/funasdalen.se\/en\/wp-json\/wp\/v2\/pages\/3955","targetHints":{"allow":["GET"]}}],"collection":[{"href":"https:\/\/funasdalen.se\/en\/wp-json\/wp\/v2\/pages"}],"about":[{"href":"https:\/\/funasdalen.se\/en\/wp-json\/wp\/v2\/types\/page"}],"author":[{"embeddable":true,"href":"https:\/\/funasdalen.se\/en\/wp-json\/wp\/v2\/users\/1"}],"replies":[{"embeddable":true,"href":"https:\/\/funasdalen.se\/en\/wp-json\/wp\/v2\/comments?post=3955"}],"version-history":[{"count":0,"href":"https:\/\/funasdalen.se\/en\/wp-json\/wp\/v2\/pages\/3955\/revisions"}],"up":[{"embeddable":true,"href":"https:\/\/funasdalen.se\/en\/wp-json\/wp\/v2\/pages\/3660"}],"wp:featuredmedia":[{"embeddable":true,"href":"https:\/\/funasdalen.se\/en\/wp-json\/wp\/v2\/media\/3599"}],"wp:attachment":[{"href":"https:\/\/funasdalen.se\/en\/wp-json\/wp\/v2\/media?parent=3955"}],"curies":[{"name":"wp","href":"https:\/\/api.w.org\/{rel}","templated":true}]}}