{"id":4670,"date":"2025-09-01T12:20:43","date_gmt":"2025-09-01T12:20:43","guid":{"rendered":"https:\/\/funasdalen.se\/?page_id=4670"},"modified":"2026-04-01T09:56:46","modified_gmt":"2026-04-01T07:56:46","slug":"funas-park","status":"publish","type":"page","link":"https:\/\/funasdalen.se\/en\/vinter\/skidakning\/funasparken\/","title":{"rendered":"Fun\u00e4sparken"},"content":{"rendered":"\n<div class=\"wp-block-uagb-container uagb-block-46f185cd alignfull uagb-is-root-container\">\n<header class=\"wp-block-uagb-advanced-heading uagb-block-e96a24a7\"><h1 class=\"uagb-heading-text\">Fun\u00e4sparken<\/h1><div class=\"uagb-separator\"><\/div><\/header>\n<\/div>\n\n\n\n<div id=\"features\" class=\"wp-block-uagb-container uagb-block-79558be0 alignfull uagb-is-root-container\"><div class=\"uagb-container-inner-blocks-wrap\">\n<div class=\"wp-block-uagb-container uagb-block-3304e107\">\n<div class=\"wp-block-uagb-advanced-heading uagb-block-c41041b2\"><h2 class=\"uagb-heading-text\">Fun\u00e4sparken \u2013 en snowpark i toppklass<\/h2><\/div>\n\n\n\n<p style=\"margin-top:0;margin-right:0;margin-bottom:0;margin-left:0;padding-top:0;padding-right:0;padding-bottom:0;padding-left:0\">V\u00e4lkommen till Fun\u00e4sparken, en av Sveriges mest uppskattade snowparker f\u00f6r freestyle\u00e5kning. H\u00e4r har parkcrewet under m\u00e5nga \u00e5r byggt och utvecklat en park d\u00e4r b\u00e5de nyb\u00f6rjare och erfarna \u00e5kare trivs och utvecklas. Fun\u00e4sparken ligger i ett eget omr\u00e5de p\u00e5 Fun\u00e4sdalsberget, med egen lift och parkering.<\/p>\n\n\n\n<p>Oavsett om du vill bli tryggare p\u00e5 rails, hitta rytmen genom en linje eller ta n\u00e4sta steg i luften finns det features och \u00e5k som passar.<\/p>\n\n\n\n<p>Vi \u00e4r stolta \u00f6ver att Fun\u00e4sparken under flera \u00e5r har r\u00f6stats fram som en av Sveriges topp 3 b\u00e4sta parker n\u00e4r Freeride.se utser landets b\u00e4sta snowparker.<\/p>\n<\/div>\n\n\n\n<div class=\"wp-block-uagb-container uagb-block-b9c72188\">\n<div class=\"wp-block-uagb-image alignleft uagb-block-63b7abb3 wp-block-uagb-image--layout-default wp-block-uagb-image--effect-static wp-block-uagb-image--align-left\"><figure class=\"wp-block-uagb-image__figure\"><img decoding=\"async\" srcset=\"https:\/\/funasdalen.se\/wp-content\/uploads\/2025\/08\/funasparken-1024x683.jpg ,https:\/\/funasdalen.se\/wp-content\/uploads\/2025\/08\/funasparken.jpg 780w, https:\/\/funasdalen.se\/wp-content\/uploads\/2025\/08\/funasparken.jpg 360w\" sizes=\"auto, (max-width: 480px) 150px\" src=\"https:\/\/funasdalen.se\/wp-content\/uploads\/2025\/08\/funasparken-1024x683.jpg\" alt=\"\" class=\"uag-image-4440\" width=\"1024\" height=\"683\" title=\"funasparken\" loading=\"lazy\" role=\"img\"\/><\/figure><\/div>\n\n\n\n<div class=\"wp-block-uagb-image alignright uagb-block-fc06d6ca wp-block-uagb-image--layout-default wp-block-uagb-image--effect-static wp-block-uagb-image--align-right uag-hide-tab uag-hide-mob\"><figure class=\"wp-block-uagb-image__figure\"><img decoding=\"async\" srcset=\"https:\/\/funasdalen.se\/wp-content\/uploads\/2026\/01\/freeride-emblem-PARK.png ,https:\/\/funasdalen.se\/wp-content\/uploads\/2026\/01\/freeride-emblem-PARK.png 780w, https:\/\/funasdalen.se\/wp-content\/uploads\/2026\/01\/freeride-emblem-PARK.png 360w\" sizes=\"auto, (max-width: 480px) 150px\" src=\"https:\/\/funasdalen.se\/wp-content\/uploads\/2026\/01\/freeride-emblem-PARK.png\" alt=\"\" class=\"uag-image-10607\" width=\"288\" height=\"215\" title=\"freeride-emblem-PARK\" loading=\"lazy\" role=\"img\"\/><\/figure><\/div>\n<\/div>\n<\/div><\/div>\n\n\n\n<div class=\"wp-block-uagb-container uagb-block-21258e49 alignfull uagb-is-root-container\"><div class=\"uagb-container-inner-blocks-wrap\">\n<div class=\"wp-block-uagb-blockquote uagb-block-fab50457 uagb-blockquote__skin-quotation uagb-blockquote__align-left uagb-blockquote__style-style_1 uagb-blockquote__stack-img-none\"><blockquote class=\"uagb-blockquote\"><span class=\"uagb-blockquote__icon\"><svg width=\"20\" height=\"20\" viewBox=\"0 0 32 32\"><path d=\"M7.031 14c3.866 0 7 3.134 7 7s-3.134 7-7 7-7-3.134-7-7l-0.031-1c0-7.732 6.268-14 14-14v4c-2.671 0-5.182 1.040-7.071 2.929-0.364 0.364-0.695 0.751-0.995 1.157 0.357-0.056 0.724-0.086 1.097-0.086zM25.031 14c3.866 0 7 3.134 7 7s-3.134 7-7 7-7-3.134-7-7l-0.031-1c0-7.732 6.268-14 14-14v4c-2.671 0-5.182 1.040-7.071 2.929-0.364 0.364-0.695 0.751-0.995 1.157 0.358-0.056 0.724-0.086 1.097-0.086z\"><\/path><\/svg><\/span><div class=\"uagb-blockquote__content\"><strong>Fun\u00e4sdalsberget levererar,<\/strong>\u00a0som alltid, en rolig och kreativ park med egen ankarlift som ger effektiv park\u00e5kning och en bra \u00f6verblick \u00f6ver parken direkt fr\u00e5n liften. H\u00e4r finns bland annat en salig blandning v\u00e4lshapade hopp och rails som passar s\u00e5v\u00e4l nyb\u00f6rjare som proffs.<br><\/div><footer><div class=\"uagb-blockquote__author-wrap uagb-blockquote__author-at-left\"><cite class=\"uagb-blockquote__author\">&#8211; Motiveringen fr\u00e5n Freerides l\u00e4sare<\/cite><\/div><\/footer><\/blockquote><\/div>\n<\/div><\/div>\n\n\n\n<div class=\"wp-block-uagb-container uag-hide-mob uagb-block-7588f0ca alignfull uagb-is-root-container\"><div class=\"uagb-container__video-wrap\"><video autoplay loop muted playsinline><source src=\"https:\/\/funasdalen.se\/wp-content\/uploads\/2025\/09\/funasparken.mp4\" type=\"video\/mp4\"\/><\/video><\/div><div class=\"uagb-container-inner-blocks-wrap\">\n<div class=\"wp-block-uagb-container uagb-block-6f0506f2\">\n<div class=\"wp-block-uagb-advanced-heading uagb-block-021c1f82\"><h4 class=\"uagb-heading-text\">V\u00e4lkommen till Fun\u00e4sparken \u2013 en snowpark i v\u00e4rldsklass f\u00f6r alla niv\u00e5er<\/h4><\/div>\n<\/div>\n<\/div><\/div>\n\n\n\n<div class=\"wp-block-uagb-container uag-blocks-common-selector uagb-block-8fbd7b8e alignfull uagb-is-root-container\"><div class=\"uagb-container-inner-blocks-wrap\">\n<div class=\"wp-block-uagb-container uagb-block-7cc0aa6f\">\n<div data-aos= \"fade-right\" data-aos-duration=\"400\" data-aos-delay=\"0\" data-aos-easing=\"ease\" data-aos-once=\"true\" class=\"wp-block-uagb-image alignleft uagb-block-3b990c53 spectra-gbs-orange-v\u00e4nster1754400899818 wp-block-uagb-image--layout-default wp-block-uagb-image--effect-static wp-block-uagb-image--align-left\"><figure class=\"wp-block-uagb-image__figure\"><img decoding=\"async\" srcset=\"https:\/\/funasdalen.se\/wp-content\/uploads\/2025\/09\/ejansson_webb_09209-1024x683.jpg ,https:\/\/funasdalen.se\/wp-content\/uploads\/2025\/09\/ejansson_webb_09209.jpg 780w, https:\/\/funasdalen.se\/wp-content\/uploads\/2025\/09\/ejansson_webb_09209.jpg 360w\" sizes=\"auto, (max-width: 480px) 150px\" src=\"https:\/\/funasdalen.se\/wp-content\/uploads\/2025\/09\/ejansson_webb_09209-1024x683.jpg\" alt=\"\" class=\"uag-image-4671\" width=\"600\" height=\"450\" title=\"ejansson_webb_09209\" loading=\"lazy\" role=\"img\"\/><\/figure><\/div>\n<\/div>\n\n\n\n<div class=\"wp-block-uagb-container uag-blocks-common-selector uagb-block-bdbbf8df\">\n<div class=\"wp-block-uagb-info-box uagb-block-9c9de3d9 uagb-infobox__content-wrap  uagb-infobox-icon-above-title uagb-infobox-image-valign-top\"><div class=\"uagb-ifb-content\"><div class=\"uagb-ifb-title-wrap\"><h2 class=\"uagb-ifb-title\">Features och linjer f\u00f6r alla niv\u00e5er<\/h2><\/div><p class=\"uagb-ifb-desc\">I Fun\u00e4sparken finns linjer i bl\u00e5, r\u00f6d och svart sv\u00e5righetsgrad, vilket g\u00f6r att b\u00e5de nyb\u00f6rjare och mer erfarna \u00e5kare kan hitta r\u00e4tt niv\u00e5. H\u00e4r finns hopp, boxar, rails och kreativa features som byggs och underh\u00e5lls av ett dedikerat parkcrew med stor passion f\u00f6r freestyle\u00e5kning.<br>Resultatet \u00e4r en snowpark med h\u00f6g kvalitet, tydlig progression och genomt\u00e4nkta linjer som h\u00e5ller s\u00e4song efter s\u00e4song \u2013 och som forts\u00e4tter att uppskattas av park\u00e5kare fr\u00e5n hela landet.<\/p><\/div><\/div>\n<\/div>\n<\/div><\/div>\n\n\n\n<div class=\"wp-block-uagb-container uagb-block-wpq1w9fp alignfull uagb-is-root-container\"><div class=\"uagb-container-inner-blocks-wrap\">\n<div class=\"wp-block-uagb-container uagb-block-f4mcalbc\">\n<div class=\"wp-block-uagb-advanced-heading uagb-block-90ab1181\"><h3 class=\"uagb-heading-text\">SLAO:s tips f\u00f6r s\u00e4krare \u00e5kning<\/h3><\/div>\n\n\n\n<ul class=\"wp-block-list\">\n<li>V\u00e4lj sv\u00e5righetsgrad p\u00e5 \u00e5klinje och hinder efter din f\u00f6rm\u00e5ga.<\/li>\n\n\n\n<li>K\u00f6r ett lugnt f\u00f6rsta \u00e5k f\u00f6r att kolla in dagens snowpark.<\/li>\n\n\n\n<li>H\u00e5ll igen om sikten \u00e4r d\u00e5lig eller landningarna \u00e4r h\u00e5rda.<\/li>\n\n\n\n<li>K\u00f6r med hj\u00e4lm!<\/li>\n<\/ul>\n<\/div>\n\n\n\n<div class=\"wp-block-uagb-container uagb-block-q3gnhbks\">\n<div class=\"wp-block-uagb-advanced-heading uagb-block-ee3628af\"><h3 class=\"uagb-heading-text\">\u00c5kregler<\/h3><\/div>\n\n\n\n<ul class=\"wp-block-list\">\n<li>Ta i lagom \u2013 \u00e5kning i parken sker p\u00e5 eget ansvar.<\/li>\n\n\n\n<li>Dropin \u2013 starta ditt \u00e5k fr\u00e5n toppen av parken, kolla att landningarna \u00e4r klara.<\/li>\n\n\n\n<li>H\u00e5ll flytet \u2013 stanna inte i landningarna eller p\u00e5 platser d\u00e4r du \u00e4r skymd.<\/li>\n\n\n\n<li>K\u00f6r din linje \u2013 h\u00e5ll dig till en \u00e5klinje, undvik att \u00e5ka p\u00e5 skr\u00e5.<\/li>\n\n\n\n<li>\u00c5k med koll \u2013 \u00e5k med respekt f\u00f6r din egen och andras s\u00e4kerhet.<\/li>\n\n\n\n<li>Kontrollera \u2013 hopp, halfpipe, rails och liknande innan du nyttjar dem.<\/li>\n<\/ul>\n<\/div>\n<\/div><\/div>\n\n\n\n<div class=\"wp-block-uagb-container uagb-block-dedcd7e7 alignfull uagb-is-root-container\"><div class=\"uagb-container-inner-blocks-wrap\">\n<div class=\"wp-block-uagb-advanced-heading uagb-block-90ebbf97\"><h2 class=\"uagb-heading-text\">Fr\u00e5gor &amp; svar<\/h2><\/div>\n\n\n<div class=\"wp-block-uagb-faq uagb-faq__outer-wrap uagb-block-f4e569e1 uagb-faq-icon-row-reverse uagb-faq-layout-accordion uagb-faq-expand-first-true uagb-faq-inactive-other-true uagb-faq__wrap uagb-buttons-layout-wrap uagb-faq-equal-height     \" data-faqtoggle=\"true\" role=\"tablist\"><script type=\"application\/ld+json\">{\"@context\":\"https:\\\/\\\/schema.org\",\"@type\":\"FAQPage\",\"@id\":\"https:\\\/\\\/funasdalen.se\\\/en\\\/vinter\\\/skidakning\\\/funasparken\\\/\",\"mainEntity\":[{\"@type\":\"Question\",\"name\":\"N\\u00e4r \\u00f6ppnar Fun\\u00e4sparken?\",\"acceptedAnswer\":{\"@type\":\"Answer\",\"text\":\"Fun\\u00e4sparken \\u00f6ppnar den 27\\\/11 och st\\u00e4nger den 15\\\/4.\"}},{\"@type\":\"Question\",\"name\":\"Beh\\u00f6ver jag liftkort f\\u00f6r att \\u00e5ka i Fun\\u00e4sparken?\",\"acceptedAnswer\":{\"@type\":\"Answer\",\"text\":\"Ja! K\\u00f6p ditt liftkort online eller i liftkassan p\\u00e5 K\\u00e5vans G\\u00e4stcenter.\"}}]}<\/script><div class=\"wp-block-uagb-faq-child uagb-faq-child__outer-wrap uagb-faq-item uagb-block-7045187e \" role=\"tab\" tabindex=\"0\"><div class=\"uagb-faq-questions-button uagb-faq-questions\">\t\t\t<span class=\"uagb-icon uagb-faq-icon-wrap\">\n\t\t\t\t\t\t\t\t<svg xmlns=\"https:\/\/www.w3.org\/2000\/svg\" viewBox= \"0 0 448 512\"><path d=\"M432 256c0 17.69-14.33 32.01-32 32.01H256v144c0 17.69-14.33 31.99-32 31.99s-32-14.3-32-31.99v-144H48c-17.67 0-32-14.32-32-32.01s14.33-31.99 32-31.99H192v-144c0-17.69 14.33-32.01 32-32.01s32 14.32 32 32.01v144h144C417.7 224 432 238.3 432 256z\"><\/path><\/svg>\n\t\t\t\t\t\t\t<\/span>\n\t\t\t\t\t\t<span class=\"uagb-icon-active uagb-faq-icon-wrap\">\n\t\t\t\t\t\t\t\t<svg xmlns=\"https:\/\/www.w3.org\/2000\/svg\" viewBox= \"0 0 448 512\"><path d=\"M400 288h-352c-17.69 0-32-14.32-32-32.01s14.31-31.99 32-31.99h352c17.69 0 32 14.3 32 31.99S417.7 288 400 288z\"><\/path><\/svg>\n\t\t\t\t\t\t\t<\/span>\n\t\t\t<h3 class=\"uagb-question\">N\u00e4r \u00f6ppnar Fun\u00e4sparken?<\/h3><\/div><div class=\"uagb-faq-content\"><p>Fun\u00e4sparken \u00f6ppnar den 27\/11 och st\u00e4nger den 15\/4.<\/p><\/div><\/div><div class=\"wp-block-uagb-faq-child uagb-faq-child__outer-wrap uagb-faq-item uagb-block-e6a2a6e7 \" role=\"tab\" tabindex=\"0\"><div class=\"uagb-faq-questions-button uagb-faq-questions\">\t\t\t<span class=\"uagb-icon uagb-faq-icon-wrap\">\n\t\t\t\t\t\t\t\t<svg xmlns=\"https:\/\/www.w3.org\/2000\/svg\" viewBox= \"0 0 448 512\"><path d=\"M432 256c0 17.69-14.33 32.01-32 32.01H256v144c0 17.69-14.33 31.99-32 31.99s-32-14.3-32-31.99v-144H48c-17.67 0-32-14.32-32-32.01s14.33-31.99 32-31.99H192v-144c0-17.69 14.33-32.01 32-32.01s32 14.32 32 32.01v144h144C417.7 224 432 238.3 432 256z\"><\/path><\/svg>\n\t\t\t\t\t\t\t<\/span>\n\t\t\t\t\t\t<span class=\"uagb-icon-active uagb-faq-icon-wrap\">\n\t\t\t\t\t\t\t\t<svg xmlns=\"https:\/\/www.w3.org\/2000\/svg\" viewBox= \"0 0 448 512\"><path d=\"M400 288h-352c-17.69 0-32-14.32-32-32.01s14.31-31.99 32-31.99h352c17.69 0 32 14.3 32 31.99S417.7 288 400 288z\"><\/path><\/svg>\n\t\t\t\t\t\t\t<\/span>\n\t\t\t<h3 class=\"uagb-question\">Beh\u00f6ver jag liftkort f\u00f6r att \u00e5ka i Fun\u00e4sparken?<\/h3><\/div><div class=\"uagb-faq-content\"><p>Ja! K\u00f6p ditt liftkort online eller i liftkassan p\u00e5 K\u00e5vans G\u00e4stcenter.<\/p><\/div><\/div><\/div><\/div><\/div>\n","protected":false},"excerpt":{"rendered":"<p>Fun\u00e4sparken Fun\u00e4sparken \u2013 en snowpark i toppklass V\u00e4lkommen till Fun\u00e4sparken, en av Sveriges mest uppskattade snowparker f\u00f6r freestyle\u00e5kning. H\u00e4r har parkcrewet under m\u00e5nga \u00e5r byggt och utvecklat en park d\u00e4r b\u00e5de nyb\u00f6rjare och erfarna \u00e5kare trivs och utvecklas. Fun\u00e4sparken ligger i ett eget omr\u00e5de p\u00e5 Fun\u00e4sdalsberget, med egen lift och parkering. Oavsett om du vill bli tryggare p\u00e5 rails, hitta rytmen genom en linje eller ta n\u00e4sta steg i luften finns det features och \u00e5k som passar. Vi \u00e4r stolta \u00f6ver att Fun\u00e4sparken under flera \u00e5r har r\u00f6stats fram som en av Sveriges topp 3 b\u00e4sta parker n\u00e4r Freeride.se utser [&hellip;]<\/p>\n","protected":false},"author":1,"featured_media":4440,"parent":4411,"menu_order":0,"comment_status":"closed","ping_status":"open","template":"","meta":{"_uag_custom_page_level_css":"","site-sidebar-layout":"default","site-content-layout":"","ast-site-content-layout":"default","site-content-style":"default","site-sidebar-style":"default","ast-global-header-display":"","ast-banner-title-visibility":"","ast-main-header-display":"","ast-hfb-above-header-display":"","ast-hfb-below-header-display":"","ast-hfb-mobile-header-display":"","site-post-title":"","ast-breadcrumbs-content":"","ast-featured-img":"","footer-sml-layout":"","ast-disable-related-posts":"","theme-transparent-header-meta":"","adv-header-id-meta":"","stick-header-meta":"","header-above-stick-meta":"","header-main-stick-meta":"","header-below-stick-meta":"","astra-migrate-meta-layouts":"set","ast-page-background-enabled":"default","ast-page-background-meta":{"desktop":{"background-color":"","background-image":"","background-repeat":"repeat","background-position":"center center","background-size":"auto","background-attachment":"scroll","background-type":"","background-media":"","overlay-type":"","overlay-color":"","overlay-opacity":"","overlay-gradient":""},"tablet":{"background-color":"","background-image":"","background-repeat":"repeat","background-position":"center center","background-size":"auto","background-attachment":"scroll","background-type":"","background-media":"","overlay-type":"","overlay-color":"","overlay-opacity":"","overlay-gradient":""},"mobile":{"background-color":"","background-image":"","background-repeat":"repeat","background-position":"center center","background-size":"auto","background-attachment":"scroll","background-type":"","background-media":"","overlay-type":"","overlay-color":"","overlay-opacity":"","overlay-gradient":""}},"ast-content-background-meta":{"desktop":{"background-color":"var(--ast-global-color-5)","background-image":"","background-repeat":"repeat","background-position":"center center","background-size":"auto","background-attachment":"scroll","background-type":"","background-media":"","overlay-type":"","overlay-color":"","overlay-opacity":"","overlay-gradient":""},"tablet":{"background-color":"var(--ast-global-color-5)","background-image":"","background-repeat":"repeat","background-position":"center center","background-size":"auto","background-attachment":"scroll","background-type":"","background-media":"","overlay-type":"","overlay-color":"","overlay-opacity":"","overlay-gradient":""},"mobile":{"background-color":"var(--ast-global-color-5)","background-image":"","background-repeat":"repeat","background-position":"center center","background-size":"auto","background-attachment":"scroll","background-type":"","background-media":"","overlay-type":"","overlay-color":"","overlay-opacity":"","overlay-gradient":""}},"footnotes":""},"class_list":["post-4670","page","type-page","status-publish","has-post-thumbnail","hentry"],"spectra_custom_meta":{"_edit_lock":["1775057750:1"],"_uag_custom_page_level_css":[""],"site-sidebar-layout":["default"],"site-content-layout":[""],"ast-site-content-layout":["default"],"site-content-style":["default"],"site-sidebar-style":["default"],"ast-global-header-display":[""],"ast-banner-title-visibility":[""],"ast-main-header-display":[""],"ast-hfb-above-header-display":[""],"ast-hfb-below-header-display":[""],"ast-hfb-mobile-header-display":[""],"site-post-title":[""],"ast-breadcrumbs-content":[""],"ast-featured-img":[""],"footer-sml-layout":[""],"theme-transparent-header-meta":[""],"adv-header-id-meta":[""],"stick-header-meta":[""],"header-above-stick-meta":[""],"header-main-stick-meta":[""],"header-below-stick-meta":[""],"astra-migrate-meta-layouts":["set"],"ast-page-background-enabled":["default"],"ast-page-background-meta":["a:3:{s:7:\"desktop\";a:12:{s:16:\"background-color\";s:0:\"\";s:16:\"background-image\";s:0:\"\";s:17:\"background-repeat\";s:6:\"repeat\";s:19:\"background-position\";s:13:\"center center\";s:15:\"background-size\";s:4:\"auto\";s:21:\"background-attachment\";s:6:\"scroll\";s:15:\"background-type\";s:0:\"\";s:16:\"background-media\";s:0:\"\";s:12:\"overlay-type\";s:0:\"\";s:13:\"overlay-color\";s:0:\"\";s:15:\"overlay-opacity\";s:0:\"\";s:16:\"overlay-gradient\";s:0:\"\";}s:6:\"tablet\";a:12:{s:16:\"background-color\";s:0:\"\";s:16:\"background-image\";s:0:\"\";s:17:\"background-repeat\";s:6:\"repeat\";s:19:\"background-position\";s:13:\"center center\";s:15:\"background-size\";s:4:\"auto\";s:21:\"background-attachment\";s:6:\"scroll\";s:15:\"background-type\";s:0:\"\";s:16:\"background-media\";s:0:\"\";s:12:\"overlay-type\";s:0:\"\";s:13:\"overlay-color\";s:0:\"\";s:15:\"overlay-opacity\";s:0:\"\";s:16:\"overlay-gradient\";s:0:\"\";}s:6:\"mobile\";a:12:{s:16:\"background-color\";s:0:\"\";s:16:\"background-image\";s:0:\"\";s:17:\"background-repeat\";s:6:\"repeat\";s:19:\"background-position\";s:13:\"center center\";s:15:\"background-size\";s:4:\"auto\";s:21:\"background-attachment\";s:6:\"scroll\";s:15:\"background-type\";s:0:\"\";s:16:\"background-media\";s:0:\"\";s:12:\"overlay-type\";s:0:\"\";s:13:\"overlay-color\";s:0:\"\";s:15:\"overlay-opacity\";s:0:\"\";s:16:\"overlay-gradient\";s:0:\"\";}}"],"ast-content-background-meta":["a:3:{s:7:\"desktop\";a:12:{s:16:\"background-color\";s:25:\"var(--ast-global-color-5)\";s:16:\"background-image\";s:0:\"\";s:17:\"background-repeat\";s:6:\"repeat\";s:19:\"background-position\";s:13:\"center center\";s:15:\"background-size\";s:4:\"auto\";s:21:\"background-attachment\";s:6:\"scroll\";s:15:\"background-type\";s:0:\"\";s:16:\"background-media\";s:0:\"\";s:12:\"overlay-type\";s:0:\"\";s:13:\"overlay-color\";s:0:\"\";s:15:\"overlay-opacity\";s:0:\"\";s:16:\"overlay-gradient\";s:0:\"\";}s:6:\"tablet\";a:12:{s:16:\"background-color\";s:25:\"var(--ast-global-color-5)\";s:16:\"background-image\";s:0:\"\";s:17:\"background-repeat\";s:6:\"repeat\";s:19:\"background-position\";s:13:\"center center\";s:15:\"background-size\";s:4:\"auto\";s:21:\"background-attachment\";s:6:\"scroll\";s:15:\"background-type\";s:0:\"\";s:16:\"background-media\";s:0:\"\";s:12:\"overlay-type\";s:0:\"\";s:13:\"overlay-color\";s:0:\"\";s:15:\"overlay-opacity\";s:0:\"\";s:16:\"overlay-gradient\";s:0:\"\";}s:6:\"mobile\";a:12:{s:16:\"background-color\";s:25:\"var(--ast-global-color-5)\";s:16:\"background-image\";s:0:\"\";s:17:\"background-repeat\";s:6:\"repeat\";s:19:\"background-position\";s:13:\"center center\";s:15:\"background-size\";s:4:\"auto\";s:21:\"background-attachment\";s:6:\"scroll\";s:15:\"background-type\";s:0:\"\";s:16:\"background-media\";s:0:\"\";s:12:\"overlay-type\";s:0:\"\";s:13:\"overlay-color\";s:0:\"\";s:15:\"overlay-opacity\";s:0:\"\";s:16:\"overlay-gradient\";s:0:\"\";}}"],"footnotes":[""],"_edit_last":["1"],"_yoast_wpseo_content_score":["30"],"_yoast_wpseo_estimated-reading-time-minutes":["3"],"_yoast_wpseo_focuskw":["snowpark"],"_yoast_wpseo_title":["%%title%% %%page%% %%sep%% Snowpark i Fun\u00e4sdalen"],"_yoast_wpseo_metadesc":["Testa en av Sveriges b\u00e4sta snowparks! Fun\u00e4sparken bjuder p\u00e5 hopp, rails och kreativa features f\u00f6r alla niv\u00e5er. Upplev skidpark i v\u00e4rldsklass."],"_yoast_wpseo_linkdex":["67"],"astra_style_timestamp_css":["1776335177"],"_thumbnail_id":["4440"],"_wds_readability":["a:4:{s:5:\"score\";i:0;s:9:\"raw_score\";b:0;s:11:\"is_readable\";b:0;s:5:\"error\";s:40:\"Your language is currently not supported\";}"],"_uagb_previous_block_counts":["a:90:{s:21:\"uagb\/advanced-heading\";i:6;s:15:\"uagb\/blockquote\";i:1;s:12:\"uagb\/buttons\";i:0;s:18:\"uagb\/buttons-child\";i:0;s:19:\"uagb\/call-to-action\";i:0;s:15:\"uagb\/cf7-styler\";i:0;s:11:\"uagb\/column\";i:0;s:12:\"uagb\/columns\";i:0;s:14:\"uagb\/container\";i:14;s:21:\"uagb\/content-timeline\";i:0;s:27:\"uagb\/content-timeline-child\";i:0;s:14:\"uagb\/countdown\";i:0;s:12:\"uagb\/counter\";i:0;s:8:\"uagb\/faq\";i:1;s:14:\"uagb\/faq-child\";i:2;s:10:\"uagb\/forms\";i:0;s:17:\"uagb\/forms-accept\";i:0;s:19:\"uagb\/forms-checkbox\";i:0;s:15:\"uagb\/forms-date\";i:0;s:16:\"uagb\/forms-email\";i:0;s:17:\"uagb\/forms-hidden\";i:0;s:15:\"uagb\/forms-name\";i:0;s:16:\"uagb\/forms-phone\";i:0;s:16:\"uagb\/forms-radio\";i:0;s:17:\"uagb\/forms-select\";i:0;s:19:\"uagb\/forms-textarea\";i:0;s:17:\"uagb\/forms-toggle\";i:0;s:14:\"uagb\/forms-url\";i:0;s:14:\"uagb\/gf-styler\";i:0;s:15:\"uagb\/google-map\";i:0;s:11:\"uagb\/how-to\";i:0;s:16:\"uagb\/how-to-step\";i:0;s:9:\"uagb\/icon\";i:0;s:14:\"uagb\/icon-list\";i:0;s:20:\"uagb\/icon-list-child\";i:0;s:10:\"uagb\/image\";i:3;s:18:\"uagb\/image-gallery\";i:0;s:13:\"uagb\/info-box\";i:1;s:18:\"uagb\/inline-notice\";i:0;s:11:\"uagb\/lottie\";i:0;s:21:\"uagb\/marketing-button\";i:0;s:10:\"uagb\/modal\";i:0;s:18:\"uagb\/popup-builder\";i:0;s:16:\"uagb\/post-button\";i:0;s:18:\"uagb\/post-carousel\";i:0;s:17:\"uagb\/post-excerpt\";i:0;s:14:\"uagb\/post-grid\";i:0;s:15:\"uagb\/post-image\";i:0;s:17:\"uagb\/post-masonry\";i:0;s:14:\"uagb\/post-meta\";i:0;s:18:\"uagb\/post-taxonomy\";i:0;s:18:\"uagb\/post-timeline\";i:0;s:15:\"uagb\/post-title\";i:0;s:20:\"uagb\/restaurant-menu\";i:0;s:26:\"uagb\/restaurant-menu-child\";i:0;s:11:\"uagb\/review\";i:0;s:12:\"uagb\/section\";i:0;s:14:\"uagb\/separator\";i:0;s:11:\"uagb\/slider\";i:0;s:17:\"uagb\/slider-child\";i:0;s:17:\"uagb\/social-share\";i:0;s:23:\"uagb\/social-share-child\";i:0;s:16:\"uagb\/star-rating\";i:0;s:23:\"uagb\/sure-cart-checkout\";i:0;s:22:\"uagb\/sure-cart-product\";i:0;s:15:\"uagb\/sure-forms\";i:0;s:22:\"uagb\/table-of-contents\";i:0;s:9:\"uagb\/tabs\";i:0;s:15:\"uagb\/tabs-child\";i:0;s:18:\"uagb\/taxonomy-list\";i:0;s:9:\"uagb\/team\";i:0;s:16:\"uagb\/testimonial\";i:0;s:14:\"uagb\/wp-search\";i:0;s:19:\"uagb\/instagram-feed\";i:0;s:10:\"uagb\/login\";i:0;s:17:\"uagb\/loop-builder\";i:0;s:18:\"uagb\/loop-category\";i:0;s:20:\"uagb\/loop-pagination\";i:0;s:15:\"uagb\/loop-reset\";i:0;s:16:\"uagb\/loop-search\";i:0;s:14:\"uagb\/loop-sort\";i:0;s:17:\"uagb\/loop-wrapper\";i:0;s:13:\"uagb\/register\";i:0;s:19:\"uagb\/register-email\";i:0;s:24:\"uagb\/register-first-name\";i:0;s:23:\"uagb\/register-last-name\";i:0;s:22:\"uagb\/register-password\";i:0;s:30:\"uagb\/register-reenter-password\";i:0;s:19:\"uagb\/register-terms\";i:0;s:22:\"uagb\/register-username\";i:0;}"],"_wds_trimmed_excerpt":["Fun\u00e4sparken Fun\u00e4sparken \u2013 en snowpark i toppklass V\u00e4lkommen till Fun\u00e4sparken, en av Sveriges mest uppskattade snowparker f\u00f6r freestyle\u00e5kning. H\u00e4r har parkcr ..."],"_wphb_singular_css_status":["error"]},"uagb_featured_image_src":{"full":["https:\/\/funasdalen.se\/wp-content\/uploads\/2025\/08\/funasparken.jpg",1798,1200,false],"thumbnail":["https:\/\/funasdalen.se\/wp-content\/uploads\/2025\/08\/funasparken-150x150.jpg",150,150,true],"medium":["https:\/\/funasdalen.se\/wp-content\/uploads\/2025\/08\/funasparken-300x200.jpg",300,200,true],"medium_large":["https:\/\/funasdalen.se\/wp-content\/uploads\/2025\/08\/funasparken-768x513.jpg",768,513,true],"large":["https:\/\/funasdalen.se\/wp-content\/uploads\/2025\/08\/funasparken-1024x683.jpg",1024,683,true],"1536x1536":["https:\/\/funasdalen.se\/wp-content\/uploads\/2025\/08\/funasparken-1536x1025.jpg",1536,1025,true],"2048x2048":["https:\/\/funasdalen.se\/wp-content\/uploads\/2025\/08\/funasparken-2048x1367.jpg",1798,1200,true],"trp-custom-language-flag":["https:\/\/funasdalen.se\/wp-content\/uploads\/2025\/08\/funasparken.jpg",18,12,false]},"uagb_author_info":{"display_name":"Emil Ericsson","author_link":"https:\/\/funasdalen.se\/en\/author\/emiladmin\/"},"uagb_comment_info":0,"uagb_excerpt":"Fun\u00e4sparken Fun\u00e4sparken \u2013 en snowpark i toppklass V\u00e4lkommen till Fun\u00e4sparken, en av Sveriges mest uppskattade snowparker f\u00f6r freestyle\u00e5kning. H\u00e4r har parkcrewet under m\u00e5nga \u00e5r byggt och utvecklat en park d\u00e4r b\u00e5de nyb\u00f6rjare och erfarna \u00e5kare trivs och utvecklas. Fun\u00e4sparken ligger i ett eget omr\u00e5de p\u00e5 Fun\u00e4sdalsberget, med egen lift och parkering. Oavsett om du vill&hellip;","_links":{"self":[{"href":"https:\/\/funasdalen.se\/en\/wp-json\/wp\/v2\/pages\/4670","targetHints":{"allow":["GET"]}}],"collection":[{"href":"https:\/\/funasdalen.se\/en\/wp-json\/wp\/v2\/pages"}],"about":[{"href":"https:\/\/funasdalen.se\/en\/wp-json\/wp\/v2\/types\/page"}],"author":[{"embeddable":true,"href":"https:\/\/funasdalen.se\/en\/wp-json\/wp\/v2\/users\/1"}],"replies":[{"embeddable":true,"href":"https:\/\/funasdalen.se\/en\/wp-json\/wp\/v2\/comments?post=4670"}],"version-history":[{"count":0,"href":"https:\/\/funasdalen.se\/en\/wp-json\/wp\/v2\/pages\/4670\/revisions"}],"up":[{"embeddable":true,"href":"https:\/\/funasdalen.se\/en\/wp-json\/wp\/v2\/pages\/4411"}],"wp:featuredmedia":[{"embeddable":true,"href":"https:\/\/funasdalen.se\/en\/wp-json\/wp\/v2\/media\/4440"}],"wp:attachment":[{"href":"https:\/\/funasdalen.se\/en\/wp-json\/wp\/v2\/media?parent=4670"}],"curies":[{"name":"wp","href":"https:\/\/api.w.org\/{rel}","templated":true}]}}