{"id":4692,"date":"2025-09-01T13:53:54","date_gmt":"2025-09-01T13:53:54","guid":{"rendered":"https:\/\/funasdalen.se\/?page_id=4692"},"modified":"2026-01-26T15:02:18","modified_gmt":"2026-01-26T14:02:18","slug":"ski-bus","status":"publish","type":"page","link":"https:\/\/funasdalen.se\/en\/vinter\/skidakning\/skidbuss\/","title":{"rendered":"Ski bus"},"content":{"rendered":"\n<div class=\"wp-block-uagb-container uagb-block-46f185cd alignfull uagb-is-root-container\">\n<header class=\"wp-block-uagb-advanced-heading uagb-block-e96a24a7\"><h1 class=\"uagb-heading-text\"><strong>Skidbussen i Fun\u00e4sdalen<\/strong><\/h1><div class=\"uagb-separator\"><\/div><\/header>\n<\/div>\n\n\n\n<div class=\"wp-block-uagb-container uag-blocks-common-selector uagb-block-8fbd7b8e alignfull uagb-is-root-container\"><div class=\"uagb-container-inner-blocks-wrap\">\n<div class=\"wp-block-uagb-container uagb-block-7cc0aa6f\">\n<div data-aos= \"fade-right\" data-aos-duration=\"400\" data-aos-delay=\"0\" data-aos-easing=\"ease\" data-aos-once=\"true\" class=\"wp-block-uagb-image alignleft uagb-block-3b990c53 spectra-gbs-orange-v\u00e4nster1754400899818 wp-block-uagb-image--layout-default wp-block-uagb-image--effect-static wp-block-uagb-image--align-left\"><figure class=\"wp-block-uagb-image__figure\"><img decoding=\"async\" srcset=\"https:\/\/funasdalen.se\/wp-content\/uploads\/2025\/09\/lofoten-58-1440x960-1-1024x683.jpg ,https:\/\/funasdalen.se\/wp-content\/uploads\/2025\/09\/lofoten-58-1440x960-1.jpg 780w, https:\/\/funasdalen.se\/wp-content\/uploads\/2025\/09\/lofoten-58-1440x960-1.jpg 360w\" sizes=\"auto, (max-width: 480px) 150px\" src=\"https:\/\/funasdalen.se\/wp-content\/uploads\/2025\/09\/lofoten-58-1440x960-1-1024x683.jpg\" alt=\"\" class=\"uag-image-4667\" width=\"600\" height=\"450\" title=\"lofoten-58-1440x960\" loading=\"lazy\" role=\"img\"\/><\/figure><\/div>\n<\/div>\n\n\n\n<div class=\"wp-block-uagb-container uag-blocks-common-selector uagb-block-bdbbf8df\">\n<div class=\"wp-block-uagb-info-box uagb-block-9c9de3d9 uagb-infobox__content-wrap  uagb-infobox-icon-above-title uagb-infobox-image-valign-top\"><div class=\"uagb-ifb-content\"><div class=\"uagb-ifb-title-wrap\"><h3 class=\"uagb-ifb-title\">Res smidigt med skidbussen i Fun\u00e4sdalen<\/h3><\/div><p class=\"uagb-ifb-desc\">Med skidbussen i Fun\u00e4sdalen blir det enkelt att ta sig mellan de olika skidomr\u00e5dena och l\u00e4ngdsp\u00e5ren i hela Fun\u00e4sfj\u00e4llen. Slipp bilen, luta dig tillbaka och l\u00e5t bussen ta dig till n\u00e4sta \u00e4ventyr. Skidbussen g\u00e5r mellan byarna och anl\u00e4ggningarna under vinters\u00e4songen och g\u00f6r det l\u00e4tt att kombinera olika backar och omr\u00e5den under samma dag.<\/p><\/div><\/div>\n\n\n\n<div class=\"wp-block-uagb-modal uagb-block-926c112a uagb-modal-wrapper\" data-escpress=\"enable\" data-overlayclick=\"enable\"><div class=\"uagb-spectra-button-wrapper wp-block-button\"><a class=\"uagb-modal-button-link wp-block-button__link uagb-modal-trigger\" href=\"#\" onclick=\"return false;\" target=\"_self\" rel=\"noopener noreferrer\"><span class=\"uagb-modal-content-wrapper\"><span class=\"uagb-inline-editing\">Skidbussens tidtabell<\/span><svg xmlns=\"https:\/\/www.w3.org\/2000\/svg\" viewBox=\"0 0 384 512\"><path d=\"M169.4 278.6C175.6 284.9 183.8 288 192 288s16.38-3.125 22.62-9.375l160-160c12.5-12.5 12.5-32.75 0-45.25s-32.75-12.5-45.25 0L192 210.8L54.63 73.38c-12.5-12.5-32.75-12.5-45.25 0s-12.5 32.75 0 45.25L169.4 278.6zM329.4 265.4L192 402.8L54.63 265.4c-12.5-12.5-32.75-12.5-45.25 0s-12.5 32.75 0 45.25l160 160C175.6 476.9 183.8 480 192 480s16.38-3.125 22.62-9.375l160-160c12.5-12.5 12.5-32.75 0-45.25S341.9 252.9 329.4 265.4z\"><\/path><\/svg><\/span><\/a><\/div><div class=\"uagb-effect-3 uagb-modal-popup uagb-block-926c112a uagb-modal-type-popup uagb-modal-position-centered\"><div class=\"uagb-modal-popup-wrap\"><div class=\"uagb-modal-popup-content\">\n<div class=\"wp-block-uagb-image uagb-block-60b5e22a wp-block-uagb-image--layout-default wp-block-uagb-image--effect-static wp-block-uagb-image--align-none\"><figure class=\"wp-block-uagb-image__figure\"><img decoding=\"async\" srcset=\"https:\/\/funasdalen.se\/wp-content\/uploads\/2026\/01\/FF_SoL_Skidbuss_A4_2026-pdf-724x1024.jpg ,https:\/\/funasdalen.se\/wp-content\/uploads\/2026\/01\/FF_SoL_Skidbuss_A4_2026.pdf 780w, https:\/\/funasdalen.se\/wp-content\/uploads\/2026\/01\/FF_SoL_Skidbuss_A4_2026.pdf 360w\" sizes=\"auto, (max-width: 480px) 150px\" src=\"https:\/\/funasdalen.se\/wp-content\/uploads\/2026\/01\/FF_SoL_Skidbuss_A4_2026-pdf-724x1024.jpg\" alt=\"\" class=\"uag-image-12884\" width=\"1654\" height=\"2339\" title=\"FF_SoL_Skidbuss_A4_2026\" loading=\"lazy\" role=\"img\"\/><\/figure><\/div>\n<\/div><button class=\"uagb-modal-popup-close\" aria-label=\"Close Modal\"><svg xmlns=\"https:\/\/www.w3.org\/2000\/svg\" viewBox=\"0 0 320 512\"><path d=\"M310.6 361.4c12.5 12.5 12.5 32.75 0 45.25C304.4 412.9 296.2 416 288 416s-16.38-3.125-22.62-9.375L160 301.3L54.63 406.6C48.38 412.9 40.19 416 32 416S15.63 412.9 9.375 406.6c-12.5-12.5-12.5-32.75 0-45.25l105.4-105.4L9.375 150.6c-12.5-12.5-12.5-32.75 0-45.25s32.75-12.5 45.25 0L160 210.8l105.4-105.4c12.5-12.5 32.75-12.5 45.25 0s12.5 32.75 0 45.25l-105.4 105.4L310.6 361.4z\"><\/path><\/svg><\/button><\/div><\/div><\/div>\n<\/div>\n<\/div><\/div>\n\n\n\n<div class=\"wp-block-uagb-container uagb-block-4b4cb07f alignfull uagb-is-root-container\"><div class=\"uagb-container-inner-blocks-wrap\">\n<div class=\"wp-block-uagb-container uagb-block-34bf5710\">\n<div class=\"wp-block-uagb-advanced-heading uagb-block-072ab6a2\"><h2 class=\"uagb-heading-text\">Om skidbussen<\/h2><\/div>\n\n\n\n<p>Med skidbussen tar du dig snabbt och enkelt mellan de olika anl\u00e4ggningarna och l\u00e4ngdsp\u00e5ren i omr\u00e5det. Med ett giltigt liftkort Fj\u00e4llspass (skipass f\u00f6r alla anl\u00e4ggningar) eller sp\u00e5rknapp (Fj\u00e4llpass L\u00e4ngd) \u00e5ker du fritt och hur mycket du vill. \u00d6vriga resen\u00e4rer kan k\u00f6pa veckokort, dagskort eller enkel resa.<\/p>\n\n\n\n<p style=\"margin-top:0;margin-right:0;margin-bottom:0;margin-left:0\">Skidbussen \u00e4r ett samarbete mellan Thunells och Fun\u00e4sfj\u00e4llens Ledbolag. F\u00f6r fr\u00e5gor om tidtabellen eller skidbussen s\u00e5 kontaktar du Fun\u00e4sfj\u00e4llens ledbolag p\u00e5: <a href=\"mailto:info@funasfjallensledbolag.se\">info@funasfjallensledbolag.se<\/a> eller telefon: <a href=\"tel:068421055\">0684-210 55<\/a> p\u00e5 vardagar mellan 09.00-15.00.<\/p>\n<\/div>\n\n\n\n<div class=\"wp-block-uagb-container uagb-block-21b631d1\">\n<div class=\"wp-block-uagb-advanced-heading uagb-block-bba2bebb\"><h2 class=\"uagb-heading-text\">Regler och riktlinjer f\u00f6r bussresan<\/h2><\/div>\n\n\n\n<ul class=\"wp-block-list\">\n<li>All p\u00e5stigning sker p\u00e5 eget ansvar och i m\u00e5n av plats, vi kan tyv\u00e4rr inte reservera eller garantera en plats.<\/li>\n\n\n\n<li>Du ska ha ett giltigt f\u00e4rdbevis innan p\u00e5stigning (sp\u00e5rknapp eller liftkort), du kan ocks\u00e5 k\u00f6pa din biljett p\u00e5 ltr.se<\/li>\n<\/ul>\n<\/div>\n<\/div><\/div>\n\n\n\n<div class=\"wp-block-uagb-container uagb-block-dedcd7e7 alignfull uagb-is-root-container\"><div class=\"uagb-container-inner-blocks-wrap\">\n<div class=\"wp-block-uagb-advanced-heading uagb-block-90ebbf97\"><h2 class=\"uagb-heading-text\">Fr\u00e5gor &amp; svar<\/h2><\/div>\n\n\n<div class=\"wp-block-uagb-faq uagb-faq__outer-wrap uagb-block-f4e569e1 uagb-faq-icon-row-reverse uagb-faq-layout-accordion uagb-faq-expand-first-true uagb-faq-inactive-other-true uagb-faq__wrap uagb-buttons-layout-wrap uagb-faq-equal-height     \" data-faqtoggle=\"true\" role=\"tablist\"><script type=\"application\/ld+json\">{\"@context\":\"https:\\\/\\\/schema.org\",\"@type\":\"FAQPage\",\"@id\":\"https:\\\/\\\/funasdalen.se\\\/en\\\/vinter\\\/skidakning\\\/skidbuss\\\/\",\"mainEntity\":[{\"@type\":\"Question\",\"name\":\"Ing\\u00e5r skidbussen i liftkortet?\",\"acceptedAnswer\":{\"@type\":\"Answer\",\"text\":\"Ja, med giltigt Fj\\u00e4llpass (liftkort) samt med Fj\\u00e4llpass L\\u00e4ngd (sp\\u00e5rkort) reser du fritt p\\u00e5 skidbussen.\"}},{\"@type\":\"Question\",\"name\":\"Kan jag reservera plats p\\u00e5 skidbussen?\",\"acceptedAnswer\":{\"@type\":\"Answer\",\"text\":\"Nej, all p\\u00e5stigning sker i m\\u00e5n av plats och det g\\u00e5r inte att reservera s\\u00e4ten i f\\u00f6rv\\u00e4g.\"}},{\"@type\":\"Question\",\"name\":\"Hur k\\u00f6per jag biljett till skidbussen?\",\"acceptedAnswer\":{\"@type\":\"Answer\",\"text\":\"Du kan resa gratis med Fj\\u00e4llpass eller l\\u00e4ngdsp\\u00e5rsknapp. \\u00d6vriga biljetter k\\u00f6ps online via ltr.se eller som dagskort och veckokort.\"}}]}<\/script><div class=\"wp-block-uagb-faq-child uagb-faq-child__outer-wrap uagb-faq-item uagb-block-7045187e \" role=\"tab\" tabindex=\"0\"><div class=\"uagb-faq-questions-button uagb-faq-questions\">\t\t\t<span class=\"uagb-icon uagb-faq-icon-wrap\">\n\t\t\t\t\t\t\t\t<svg xmlns=\"https:\/\/www.w3.org\/2000\/svg\" viewBox= \"0 0 448 512\"><path d=\"M432 256c0 17.69-14.33 32.01-32 32.01H256v144c0 17.69-14.33 31.99-32 31.99s-32-14.3-32-31.99v-144H48c-17.67 0-32-14.32-32-32.01s14.33-31.99 32-31.99H192v-144c0-17.69 14.33-32.01 32-32.01s32 14.32 32 32.01v144h144C417.7 224 432 238.3 432 256z\"><\/path><\/svg>\n\t\t\t\t\t\t\t<\/span>\n\t\t\t\t\t\t<span class=\"uagb-icon-active uagb-faq-icon-wrap\">\n\t\t\t\t\t\t\t\t<svg xmlns=\"https:\/\/www.w3.org\/2000\/svg\" viewBox= \"0 0 448 512\"><path d=\"M400 288h-352c-17.69 0-32-14.32-32-32.01s14.31-31.99 32-31.99h352c17.69 0 32 14.3 32 31.99S417.7 288 400 288z\"><\/path><\/svg>\n\t\t\t\t\t\t\t<\/span>\n\t\t\t<h3 class=\"uagb-question\">Ing\u00e5r skidbussen i liftkortet?<\/h3><\/div><div class=\"uagb-faq-content\"><p>Ja, med giltigt Fj\u00e4llpass (liftkort) samt med Fj\u00e4llpass L\u00e4ngd (sp\u00e5rkort) reser du fritt p\u00e5 skidbussen.<\/p><\/div><\/div><div class=\"wp-block-uagb-faq-child uagb-faq-child__outer-wrap uagb-faq-item uagb-block-e6a2a6e7 \" role=\"tab\" tabindex=\"0\"><div class=\"uagb-faq-questions-button uagb-faq-questions\">\t\t\t<span class=\"uagb-icon uagb-faq-icon-wrap\">\n\t\t\t\t\t\t\t\t<svg xmlns=\"https:\/\/www.w3.org\/2000\/svg\" viewBox= \"0 0 448 512\"><path d=\"M432 256c0 17.69-14.33 32.01-32 32.01H256v144c0 17.69-14.33 31.99-32 31.99s-32-14.3-32-31.99v-144H48c-17.67 0-32-14.32-32-32.01s14.33-31.99 32-31.99H192v-144c0-17.69 14.33-32.01 32-32.01s32 14.32 32 32.01v144h144C417.7 224 432 238.3 432 256z\"><\/path><\/svg>\n\t\t\t\t\t\t\t<\/span>\n\t\t\t\t\t\t<span class=\"uagb-icon-active uagb-faq-icon-wrap\">\n\t\t\t\t\t\t\t\t<svg xmlns=\"https:\/\/www.w3.org\/2000\/svg\" viewBox= \"0 0 448 512\"><path d=\"M400 288h-352c-17.69 0-32-14.32-32-32.01s14.31-31.99 32-31.99h352c17.69 0 32 14.3 32 31.99S417.7 288 400 288z\"><\/path><\/svg>\n\t\t\t\t\t\t\t<\/span>\n\t\t\t<h3 class=\"uagb-question\">Kan jag reservera plats p\u00e5 skidbussen?<\/h3><\/div><div class=\"uagb-faq-content\"><p>Nej, all p\u00e5stigning sker i m\u00e5n av plats och det g\u00e5r inte att reservera s\u00e4ten i f\u00f6rv\u00e4g.<\/p><\/div><\/div><div class=\"wp-block-uagb-faq-child uagb-faq-child__outer-wrap uagb-faq-item uagb-block-4d541d4e \" role=\"tab\" tabindex=\"0\"><div class=\"uagb-faq-questions-button uagb-faq-questions\">\t\t\t<span class=\"uagb-icon uagb-faq-icon-wrap\">\n\t\t\t\t\t\t\t\t<svg xmlns=\"https:\/\/www.w3.org\/2000\/svg\" viewBox= \"0 0 448 512\"><path d=\"M432 256c0 17.69-14.33 32.01-32 32.01H256v144c0 17.69-14.33 31.99-32 31.99s-32-14.3-32-31.99v-144H48c-17.67 0-32-14.32-32-32.01s14.33-31.99 32-31.99H192v-144c0-17.69 14.33-32.01 32-32.01s32 14.32 32 32.01v144h144C417.7 224 432 238.3 432 256z\"><\/path><\/svg>\n\t\t\t\t\t\t\t<\/span>\n\t\t\t\t\t\t<span class=\"uagb-icon-active uagb-faq-icon-wrap\">\n\t\t\t\t\t\t\t\t<svg xmlns=\"https:\/\/www.w3.org\/2000\/svg\" viewBox= \"0 0 448 512\"><path d=\"M400 288h-352c-17.69 0-32-14.32-32-32.01s14.31-31.99 32-31.99h352c17.69 0 32 14.3 32 31.99S417.7 288 400 288z\"><\/path><\/svg>\n\t\t\t\t\t\t\t<\/span>\n\t\t\t<h3 class=\"uagb-question\">Hur k\u00f6per jag biljett till skidbussen?<\/h3><\/div><div class=\"uagb-faq-content\"><p>Du kan resa gratis med Fj\u00e4llpass eller l\u00e4ngdsp\u00e5rsknapp. \u00d6vriga biljetter k\u00f6ps online via ltr.se eller som dagskort och veckokort.<\/p><\/div><\/div><\/div><\/div><\/div>\n","protected":false},"excerpt":{"rendered":"<p>The ski bus in Fun\u00e4sdalen About the ski bus The ski bus takes you quickly and easily between the various facilities and cross-country trails in the area. With a valid lift pass Fj\u00e4llspass (ski pass for all facilities) or track button (Fj\u00e4llpass L\u00e4ngd) you can travel freely and as much as you want. Other travelers can buy a weekly pass, day pass or single trip. The ski bus is a collaboration between Thunells and Fun\u00e4sfj\u00e4llens Ledbolag. For questions about the timetable or the ski bus, contact Fun\u00e4sfj\u00e4llens Ledbolag at: info@funasfjallensledbolag.se or phone: 0684-210 55 on weekdays between 09.00-15.00. Rules and guidelines for the bus trip Questions &amp; answers<\/p>","protected":false},"author":1,"featured_media":4667,"parent":4411,"menu_order":0,"comment_status":"closed","ping_status":"open","template":"","meta":{"_uag_custom_page_level_css":"","site-sidebar-layout":"default","site-content-layout":"","ast-site-content-layout":"default","site-content-style":"default","site-sidebar-style":"default","ast-global-header-display":"","ast-banner-title-visibility":"","ast-main-header-display":"","ast-hfb-above-header-display":"","ast-hfb-below-header-display":"","ast-hfb-mobile-header-display":"","site-post-title":"","ast-breadcrumbs-content":"","ast-featured-img":"","footer-sml-layout":"","ast-disable-related-posts":"","theme-transparent-header-meta":"","adv-header-id-meta":"","stick-header-meta":"","header-above-stick-meta":"","header-main-stick-meta":"","header-below-stick-meta":"","astra-migrate-meta-layouts":"set","ast-page-background-enabled":"default","ast-page-background-meta":{"desktop":{"background-color":"","background-image":"","background-repeat":"repeat","background-position":"center center","background-size":"auto","background-attachment":"scroll","background-type":"","background-media":"","overlay-type":"","overlay-color":"","overlay-opacity":"","overlay-gradient":""},"tablet":{"background-color":"","background-image":"","background-repeat":"repeat","background-position":"center center","background-size":"auto","background-attachment":"scroll","background-type":"","background-media":"","overlay-type":"","overlay-color":"","overlay-opacity":"","overlay-gradient":""},"mobile":{"background-color":"","background-image":"","background-repeat":"repeat","background-position":"center center","background-size":"auto","background-attachment":"scroll","background-type":"","background-media":"","overlay-type":"","overlay-color":"","overlay-opacity":"","overlay-gradient":""}},"ast-content-background-meta":{"desktop":{"background-color":"var(--ast-global-color-5)","background-image":"","background-repeat":"repeat","background-position":"center center","background-size":"auto","background-attachment":"scroll","background-type":"","background-media":"","overlay-type":"","overlay-color":"","overlay-opacity":"","overlay-gradient":""},"tablet":{"background-color":"var(--ast-global-color-5)","background-image":"","background-repeat":"repeat","background-position":"center center","background-size":"auto","background-attachment":"scroll","background-type":"","background-media":"","overlay-type":"","overlay-color":"","overlay-opacity":"","overlay-gradient":""},"mobile":{"background-color":"var(--ast-global-color-5)","background-image":"","background-repeat":"repeat","background-position":"center center","background-size":"auto","background-attachment":"scroll","background-type":"","background-media":"","overlay-type":"","overlay-color":"","overlay-opacity":"","overlay-gradient":""}},"footnotes":""},"class_list":["post-4692","page","type-page","status-publish","has-post-thumbnail","hentry"],"spectra_custom_meta":{"_edit_lock":["1769436592:1"],"_uag_custom_page_level_css":[""],"site-sidebar-layout":["default"],"site-content-layout":[""],"ast-site-content-layout":["default"],"site-content-style":["default"],"site-sidebar-style":["default"],"ast-global-header-display":[""],"ast-banner-title-visibility":[""],"ast-main-header-display":[""],"ast-hfb-above-header-display":[""],"ast-hfb-below-header-display":[""],"ast-hfb-mobile-header-display":[""],"site-post-title":[""],"ast-breadcrumbs-content":[""],"ast-featured-img":[""],"footer-sml-layout":[""],"theme-transparent-header-meta":[""],"adv-header-id-meta":[""],"stick-header-meta":[""],"header-above-stick-meta":[""],"header-main-stick-meta":[""],"header-below-stick-meta":[""],"astra-migrate-meta-layouts":["set"],"ast-page-background-enabled":["default"],"ast-page-background-meta":["a:3:{s:7:\"desktop\";a:12:{s:16:\"background-color\";s:0:\"\";s:16:\"background-image\";s:0:\"\";s:17:\"background-repeat\";s:6:\"repeat\";s:19:\"background-position\";s:13:\"center center\";s:15:\"background-size\";s:4:\"auto\";s:21:\"background-attachment\";s:6:\"scroll\";s:15:\"background-type\";s:0:\"\";s:16:\"background-media\";s:0:\"\";s:12:\"overlay-type\";s:0:\"\";s:13:\"overlay-color\";s:0:\"\";s:15:\"overlay-opacity\";s:0:\"\";s:16:\"overlay-gradient\";s:0:\"\";}s:6:\"tablet\";a:12:{s:16:\"background-color\";s:0:\"\";s:16:\"background-image\";s:0:\"\";s:17:\"background-repeat\";s:6:\"repeat\";s:19:\"background-position\";s:13:\"center center\";s:15:\"background-size\";s:4:\"auto\";s:21:\"background-attachment\";s:6:\"scroll\";s:15:\"background-type\";s:0:\"\";s:16:\"background-media\";s:0:\"\";s:12:\"overlay-type\";s:0:\"\";s:13:\"overlay-color\";s:0:\"\";s:15:\"overlay-opacity\";s:0:\"\";s:16:\"overlay-gradient\";s:0:\"\";}s:6:\"mobile\";a:12:{s:16:\"background-color\";s:0:\"\";s:16:\"background-image\";s:0:\"\";s:17:\"background-repeat\";s:6:\"repeat\";s:19:\"background-position\";s:13:\"center center\";s:15:\"background-size\";s:4:\"auto\";s:21:\"background-attachment\";s:6:\"scroll\";s:15:\"background-type\";s:0:\"\";s:16:\"background-media\";s:0:\"\";s:12:\"overlay-type\";s:0:\"\";s:13:\"overlay-color\";s:0:\"\";s:15:\"overlay-opacity\";s:0:\"\";s:16:\"overlay-gradient\";s:0:\"\";}}"],"ast-content-background-meta":["a:3:{s:7:\"desktop\";a:12:{s:16:\"background-color\";s:25:\"var(--ast-global-color-5)\";s:16:\"background-image\";s:0:\"\";s:17:\"background-repeat\";s:6:\"repeat\";s:19:\"background-position\";s:13:\"center center\";s:15:\"background-size\";s:4:\"auto\";s:21:\"background-attachment\";s:6:\"scroll\";s:15:\"background-type\";s:0:\"\";s:16:\"background-media\";s:0:\"\";s:12:\"overlay-type\";s:0:\"\";s:13:\"overlay-color\";s:0:\"\";s:15:\"overlay-opacity\";s:0:\"\";s:16:\"overlay-gradient\";s:0:\"\";}s:6:\"tablet\";a:12:{s:16:\"background-color\";s:25:\"var(--ast-global-color-5)\";s:16:\"background-image\";s:0:\"\";s:17:\"background-repeat\";s:6:\"repeat\";s:19:\"background-position\";s:13:\"center center\";s:15:\"background-size\";s:4:\"auto\";s:21:\"background-attachment\";s:6:\"scroll\";s:15:\"background-type\";s:0:\"\";s:16:\"background-media\";s:0:\"\";s:12:\"overlay-type\";s:0:\"\";s:13:\"overlay-color\";s:0:\"\";s:15:\"overlay-opacity\";s:0:\"\";s:16:\"overlay-gradient\";s:0:\"\";}s:6:\"mobile\";a:12:{s:16:\"background-color\";s:25:\"var(--ast-global-color-5)\";s:16:\"background-image\";s:0:\"\";s:17:\"background-repeat\";s:6:\"repeat\";s:19:\"background-position\";s:13:\"center center\";s:15:\"background-size\";s:4:\"auto\";s:21:\"background-attachment\";s:6:\"scroll\";s:15:\"background-type\";s:0:\"\";s:16:\"background-media\";s:0:\"\";s:12:\"overlay-type\";s:0:\"\";s:13:\"overlay-color\";s:0:\"\";s:15:\"overlay-opacity\";s:0:\"\";s:16:\"overlay-gradient\";s:0:\"\";}}"],"footnotes":[""],"_edit_last":["1"],"_yoast_wpseo_content_score":["90"],"_yoast_wpseo_estimated-reading-time-minutes":["2"],"astra_style_timestamp_css":["1776335800"],"_thumbnail_id":["4667"],"_wds_readability":["a:4:{s:5:\"score\";i:0;s:9:\"raw_score\";b:0;s:11:\"is_readable\";b:0;s:5:\"error\";s:40:\"Your language is currently not supported\";}"],"_uagb_previous_block_counts":["a:90:{s:21:\"uagb\/advanced-heading\";i:4;s:15:\"uagb\/blockquote\";i:0;s:12:\"uagb\/buttons\";i:0;s:18:\"uagb\/buttons-child\";i:0;s:19:\"uagb\/call-to-action\";i:0;s:15:\"uagb\/cf7-styler\";i:0;s:11:\"uagb\/column\";i:0;s:12:\"uagb\/columns\";i:0;s:14:\"uagb\/container\";i:8;s:21:\"uagb\/content-timeline\";i:0;s:27:\"uagb\/content-timeline-child\";i:0;s:14:\"uagb\/countdown\";i:0;s:12:\"uagb\/counter\";i:0;s:8:\"uagb\/faq\";i:1;s:14:\"uagb\/faq-child\";i:3;s:10:\"uagb\/forms\";i:0;s:17:\"uagb\/forms-accept\";i:0;s:19:\"uagb\/forms-checkbox\";i:0;s:15:\"uagb\/forms-date\";i:0;s:16:\"uagb\/forms-email\";i:0;s:17:\"uagb\/forms-hidden\";i:0;s:15:\"uagb\/forms-name\";i:0;s:16:\"uagb\/forms-phone\";i:0;s:16:\"uagb\/forms-radio\";i:0;s:17:\"uagb\/forms-select\";i:0;s:19:\"uagb\/forms-textarea\";i:0;s:17:\"uagb\/forms-toggle\";i:0;s:14:\"uagb\/forms-url\";i:0;s:14:\"uagb\/gf-styler\";i:0;s:15:\"uagb\/google-map\";i:0;s:11:\"uagb\/how-to\";i:0;s:16:\"uagb\/how-to-step\";i:0;s:9:\"uagb\/icon\";i:0;s:14:\"uagb\/icon-list\";i:0;s:20:\"uagb\/icon-list-child\";i:0;s:10:\"uagb\/image\";i:2;s:18:\"uagb\/image-gallery\";i:0;s:13:\"uagb\/info-box\";i:1;s:18:\"uagb\/inline-notice\";i:0;s:11:\"uagb\/lottie\";i:0;s:21:\"uagb\/marketing-button\";i:0;s:10:\"uagb\/modal\";i:1;s:18:\"uagb\/popup-builder\";i:0;s:16:\"uagb\/post-button\";i:0;s:18:\"uagb\/post-carousel\";i:0;s:17:\"uagb\/post-excerpt\";i:0;s:14:\"uagb\/post-grid\";i:0;s:15:\"uagb\/post-image\";i:0;s:17:\"uagb\/post-masonry\";i:0;s:14:\"uagb\/post-meta\";i:0;s:18:\"uagb\/post-taxonomy\";i:0;s:18:\"uagb\/post-timeline\";i:0;s:15:\"uagb\/post-title\";i:0;s:20:\"uagb\/restaurant-menu\";i:0;s:26:\"uagb\/restaurant-menu-child\";i:0;s:11:\"uagb\/review\";i:0;s:12:\"uagb\/section\";i:0;s:14:\"uagb\/separator\";i:0;s:11:\"uagb\/slider\";i:0;s:17:\"uagb\/slider-child\";i:0;s:17:\"uagb\/social-share\";i:0;s:23:\"uagb\/social-share-child\";i:0;s:16:\"uagb\/star-rating\";i:0;s:23:\"uagb\/sure-cart-checkout\";i:0;s:22:\"uagb\/sure-cart-product\";i:0;s:15:\"uagb\/sure-forms\";i:0;s:22:\"uagb\/table-of-contents\";i:0;s:9:\"uagb\/tabs\";i:0;s:15:\"uagb\/tabs-child\";i:0;s:18:\"uagb\/taxonomy-list\";i:0;s:9:\"uagb\/team\";i:0;s:16:\"uagb\/testimonial\";i:0;s:14:\"uagb\/wp-search\";i:0;s:19:\"uagb\/instagram-feed\";i:0;s:10:\"uagb\/login\";i:0;s:17:\"uagb\/loop-builder\";i:0;s:18:\"uagb\/loop-category\";i:0;s:20:\"uagb\/loop-pagination\";i:0;s:15:\"uagb\/loop-reset\";i:0;s:16:\"uagb\/loop-search\";i:0;s:14:\"uagb\/loop-sort\";i:0;s:17:\"uagb\/loop-wrapper\";i:0;s:13:\"uagb\/register\";i:0;s:19:\"uagb\/register-email\";i:0;s:24:\"uagb\/register-first-name\";i:0;s:23:\"uagb\/register-last-name\";i:0;s:22:\"uagb\/register-password\";i:0;s:30:\"uagb\/register-reenter-password\";i:0;s:19:\"uagb\/register-terms\";i:0;s:22:\"uagb\/register-username\";i:0;}"],"_wds_trimmed_excerpt":["Skidbussen i Fun\u00e4sdalen Res smidigt med skidbussen i Fun\u00e4sdalenMed skidbussen i Fun\u00e4sdalen blir det enkelt att ta sig mellan de olika skidomr\u00e5dena och l\u00e4ngd ..."],"_wphb_singular_css_status":["error"]},"uagb_featured_image_src":{"full":["https:\/\/funasdalen.se\/wp-content\/uploads\/2025\/09\/lofoten-58-1440x960-1.jpg",1440,960,false],"thumbnail":["https:\/\/funasdalen.se\/wp-content\/uploads\/2025\/09\/lofoten-58-1440x960-1-150x150.jpg",150,150,true],"medium":["https:\/\/funasdalen.se\/wp-content\/uploads\/2025\/09\/lofoten-58-1440x960-1-300x200.jpg",300,200,true],"medium_large":["https:\/\/funasdalen.se\/wp-content\/uploads\/2025\/09\/lofoten-58-1440x960-1-768x512.jpg",768,512,true],"large":["https:\/\/funasdalen.se\/wp-content\/uploads\/2025\/09\/lofoten-58-1440x960-1-1024x683.jpg",1024,683,true],"1536x1536":["https:\/\/funasdalen.se\/wp-content\/uploads\/2025\/09\/lofoten-58-1440x960-1.jpg",1440,960,false],"2048x2048":["https:\/\/funasdalen.se\/wp-content\/uploads\/2025\/09\/lofoten-58-1440x960-1.jpg",1440,960,false],"trp-custom-language-flag":["https:\/\/funasdalen.se\/wp-content\/uploads\/2025\/09\/lofoten-58-1440x960-1.jpg",18,12,false]},"uagb_author_info":{"display_name":"Emil Ericsson","author_link":"https:\/\/funasdalen.se\/en\/author\/emiladmin\/"},"uagb_comment_info":0,"uagb_excerpt":"Skidbussen i Fun\u00e4sdalen Om skidbussen Med skidbussen tar du dig snabbt och enkelt mellan de olika anl\u00e4ggningarna och l\u00e4ngdsp\u00e5ren i omr\u00e5det. Med ett giltigt liftkort Fj\u00e4llspass (skipass f\u00f6r alla anl\u00e4ggningar) eller sp\u00e5rknapp (Fj\u00e4llpass L\u00e4ngd) \u00e5ker du fritt och hur mycket du vill. \u00d6vriga resen\u00e4rer kan k\u00f6pa veckokort, dagskort eller enkel resa. Skidbussen \u00e4r ett samarbete&hellip;","_links":{"self":[{"href":"https:\/\/funasdalen.se\/en\/wp-json\/wp\/v2\/pages\/4692","targetHints":{"allow":["GET"]}}],"collection":[{"href":"https:\/\/funasdalen.se\/en\/wp-json\/wp\/v2\/pages"}],"about":[{"href":"https:\/\/funasdalen.se\/en\/wp-json\/wp\/v2\/types\/page"}],"author":[{"embeddable":true,"href":"https:\/\/funasdalen.se\/en\/wp-json\/wp\/v2\/users\/1"}],"replies":[{"embeddable":true,"href":"https:\/\/funasdalen.se\/en\/wp-json\/wp\/v2\/comments?post=4692"}],"version-history":[{"count":0,"href":"https:\/\/funasdalen.se\/en\/wp-json\/wp\/v2\/pages\/4692\/revisions"}],"up":[{"embeddable":true,"href":"https:\/\/funasdalen.se\/en\/wp-json\/wp\/v2\/pages\/4411"}],"wp:featuredmedia":[{"embeddable":true,"href":"https:\/\/funasdalen.se\/en\/wp-json\/wp\/v2\/media\/4667"}],"wp:attachment":[{"href":"https:\/\/funasdalen.se\/en\/wp-json\/wp\/v2\/media?parent=4692"}],"curies":[{"name":"wp","href":"https:\/\/api.w.org\/{rel}","templated":true}]}}