{"id":4980,"date":"2025-09-04T11:40:02","date_gmt":"2025-09-04T11:40:02","guid":{"rendered":"https:\/\/funasdalen.se\/?page_id=4980"},"modified":"2026-02-18T14:23:35","modified_gmt":"2026-02-18T13:23:35","slug":"kavan-guest-center","status":"publish","type":"page","link":"https:\/\/funasdalen.se\/en\/mat-och-noje\/kavans-gastcenter\/","title":{"rendered":"K\u00e5van Guest Center"},"content":{"rendered":"<div class=\"wp-block-uagb-container uagb-block-46f185cd alignfull uagb-is-root-container\">\n<header class=\"wp-block-uagb-advanced-heading uagb-block-e96a24a7\"><h1 class=\"uagb-heading-text\">K\u00e5van Guest Center<\/h1><div class=\"uagb-separator\"><\/div><\/header>\n<\/div>\n\n\n\n<div class=\"wp-block-uagb-container uag-blocks-common-selector uagb-block-25fc7c27 alignfull uagb-is-root-container\"><div class=\"uagb-container-inner-blocks-wrap\">\n<div class=\"wp-block-uagb-container uag-blocks-common-selector uagb-block-03cb8940\">\n<div data-aos= \"fade-up\" data-aos-duration=\"400\" data-aos-delay=\"0\" data-aos-easing=\"ease\" data-aos-once=\"true\" class=\"wp-block-uagb-image uagb-block-ca6fe7ed wp-block-uagb-image--layout-default wp-block-uagb-image--effect-static wp-block-uagb-image--align-none uag-blocks-common-selector\" style=\"--z-index-desktop:undefined;;--z-index-tablet:1000;;--z-index-mobile:undefined;\"><figure class=\"wp-block-uagb-image__figure\"><img decoding=\"async\" srcset=\"https:\/\/funasdalen.se\/wp-content\/uploads\/2025\/08\/kavan-3-1-1024x683.jpeg ,https:\/\/funasdalen.se\/wp-content\/uploads\/2025\/08\/kavan-3-1.jpeg 780w, https:\/\/funasdalen.se\/wp-content\/uploads\/2025\/08\/kavan-3-1.jpeg 360w\" sizes=\"auto, (max-width: 480px) 150px\" src=\"https:\/\/funasdalen.se\/wp-content\/uploads\/2025\/08\/kavan-3-1-1024x683.jpeg\" alt=\"\" class=\"uag-image-3775\" width=\"1024\" height=\"683\" title=\"\" loading=\"lazy\" role=\"presentation\"\/><\/figure><\/div>\n<\/div>\n\n\n\n<div class=\"wp-block-uagb-container uagb-block-0158e845\">\n<div class=\"wp-block-uagb-advanced-heading uagb-block-e033b626\"><h2 class=\"uagb-heading-text\">K\u00e5van Restaurant &amp; Bar - lunch and coffee with a mountain feel<\/h2><p class=\"uagb-desc-text\">K\u00e5van Restaurant &amp; Bar is a natural stop in the middle of skiing. Here you will find lunch, coffee and something hot to drink - perfect for a break on the slopes. On the menu you will find both hot dishes, pinsa, pastries and snacks. On selected evenings, we also invite you to apr\u00e8s-ski and pina parties.<\/p><\/div>\n\n\n\n<div class=\"wp-block-uagb-container uagb-block-4dfb8582\"><div class=\"wp-block-uagb-faq uagb-faq__outer-wrap uagb-block-f4e569e1 uagb-faq-icon-row uagb-faq-layout-accordion uagb-faq-expand-first-false uagb-faq-inactive-other-true uagb-faq__wrap uagb-buttons-layout-wrap uagb-faq-equal-height\" data-faqtoggle=\"true\" role=\"tablist\"><div class=\"wp-block-uagb-faq-child uagb-faq-child__outer-wrap uagb-faq-item uagb-block-7045187e\" role=\"tab\" tabindex=\"0\"><div class=\"uagb-faq-questions-button uagb-faq-questions\">\t\t\t<span class=\"uagb-icon uagb-faq-icon-wrap\">\n\t\t\t\t\t\t\t\t<svg xmlns=\"https:\/\/www.w3.org\/2000\/svg\" viewbox= \"0 0 512 512\"><path d=\"M256 512C114.6 512 0 397.4 0 256C0 114.6 114.6 0 256 0C397.4 0 512 114.6 512 256C512 397.4 397.4 512 256 512zM232 256C232 264 236 271.5 242.7 275.1L338.7 339.1C349.7 347.3 364.6 344.3 371.1 333.3C379.3 322.3 376.3 307.4 365.3 300L280 243.2V120C280 106.7 269.3 96 255.1 96C242.7 96 231.1 106.7 231.1 120L232 256z\"><\/path><\/svg>\n\t\t\t\t\t\t\t<\/span>\n\t\t\t\t\t\t<span class=\"uagb-icon-active uagb-faq-icon-wrap\">\n\t\t\t\t\t\t\t\t<svg xmlns=\"https:\/\/www.w3.org\/2000\/svg\" viewbox= \"0 0 448 512\"><path d=\"M400 288h-352c-17.69 0-32-14.32-32-32.01s14.31-31.99 32-31.99h352c17.69 0 32 14.3 32 31.99S417.7 288 400 288z\"><\/path><\/svg>\n\t\t\t\t\t\t\t<\/span>\n\t\t\t<h3 class=\"uagb-question\">Opening hours of K\u00e5van Guest Center<\/h3><\/div><div class=\"uagb-faq-content\"><\/div><\/div><\/div><\/div>\n<\/div>\n<\/div><\/div>\n\n\n\n<div class=\"wp-block-uagb-container uagb-block-bffb860a alignfull uagb-is-root-container\"><div class=\"uagb-container-inner-blocks-wrap\">\n<div class=\"wp-block-uagb-container uagb-block-fd5cf900\">\n<div class=\"wp-block-uagb-advanced-heading uagb-block-1aaf0b66\"><h2 class=\"uagb-heading-text\">Coffee and barbecue on the slopes<\/h2><\/div>\n\n\n\n<p>Here you can enjoy a cup of hot chocolate, a cinnamon bun or a good lunch while enjoying the surrounding mountain environment. When the weather permits, the grill is lit outdoors, and the smell of freshly grilled food fills the K\u00e5van area - an experience that both warms and tastes good after a few runs on the slopes. K\u00e5van Restaurant &amp; Bar is also a perfect place for families where the kids can run in and out, and where the whole party can gather over something good to eat before the next adventure awaits.<\/p>\n\n\n\n<p>At K\u00e5vans G\u00e4stcenter, which is located on the same premises as K\u00e5van Restaurant &amp; Bar, you also buy or pick up your pre-booked <a href=\"https:\/\/funasdalen.se\/en\/winter\/skiing\/skipass\/\">lift pass.<\/a><\/p>\n\n\n\n<div class=\"wp-block-uagb-buttons uagb-buttons__outer-wrap uagb-btn__default-btn uagb-btn-tablet__default-btn uagb-btn-mobile__default-btn uagb-block-cf894053\"><div class=\"uagb-buttons__wrap uagb-buttons-layout-wrap\">\n<div class=\"wp-block-uagb-buttons-child uagb-buttons__outer-wrap uagb-block-19cfe252 wp-block-button\"><div class=\"uagb-button__wrapper\"><a class=\"uagb-buttons-repeater wp-block-button__link\" aria-label=\"\" href=\"https:\/\/funasdalen.se\/en\/food-and-fun\/kavan-guest-center\/meny\/\" rel=\"follow noopener\" target=\"_self\" role=\"button\"><div class=\"uagb-button__link\">Menu - K\u00e5van Restaurant &amp; Bar<\/div><span class=\"uagb-button__icon uagb-button__icon-position-after\"><svg xmlns=\"https:\/\/www.w3.org\/2000\/svg\" viewbox=\"0 0 448 512\" aria-hidden=\"true\" focussable=\"false\"><path d=\"M246.6 233.4l-160-160c-12.5-12.5-32.75-12.5-45.25 0s-12.5 32.75 0 45.25L178.8 256l-137.4 137.4c-12.5 12.5-12.5 32.75 0 45.25C47.63 444.9 55.81 448 64 448s16.38-3.125 22.62-9.375l160-160C259.1 266.1 259.1 245.9 246.6 233.4zM438.6 233.4l-160-160c-12.5-12.5-32.75-12.5-45.25 0s-12.5 32.75 0 45.25L370.8 256l-137.4 137.4c-12.5 12.5-12.5 32.75 0 45.25C239.6 444.9 247.8 448 256 448s16.38-3.125 22.62-9.375l160-160C451.1 266.1 451.1 245.9 438.6 233.4z\"><\/path><\/svg><\/span><\/a><\/div><\/div>\n\n\n\n<div class=\"wp-block-uagb-buttons-child uagb-buttons__outer-wrap uagb-block-4e78acd5 wp-block-button\"><div class=\"uagb-button__wrapper\"><a class=\"uagb-buttons-repeater wp-block-button__link\" aria-label=\"\" href=\"https:\/\/funasdalen.se\/en\/food-and-fun\/kavan-guest-center\/pinsa\/\" rel=\"follow noopener\" target=\"_self\" role=\"button\"><div class=\"uagb-button__link\">Menu - Pentecostal evening<\/div><span class=\"uagb-button__icon uagb-button__icon-position-after\"><svg xmlns=\"https:\/\/www.w3.org\/2000\/svg\" viewbox=\"0 0 448 512\" aria-hidden=\"true\" focussable=\"false\"><path d=\"M246.6 233.4l-160-160c-12.5-12.5-32.75-12.5-45.25 0s-12.5 32.75 0 45.25L178.8 256l-137.4 137.4c-12.5 12.5-12.5 32.75 0 45.25C47.63 444.9 55.81 448 64 448s16.38-3.125 22.62-9.375l160-160C259.1 266.1 259.1 245.9 246.6 233.4zM438.6 233.4l-160-160c-12.5-12.5-32.75-12.5-45.25 0s-12.5 32.75 0 45.25L370.8 256l-137.4 137.4c-12.5 12.5-12.5 32.75 0 45.25C239.6 444.9 247.8 448 256 448s16.38-3.125 22.62-9.375l160-160C451.1 266.1 451.1 245.9 438.6 233.4z\"><\/path><\/svg><\/span><\/a><\/div><\/div>\n<\/div><\/div>\n<\/div>\n\n\n\n<div class=\"wp-block-uagb-container uagb-block-3a70de3a\">\n<div class=\"wp-block-uagb-image uagb-block-f21576f8 wp-block-uagb-image--layout-default wp-block-uagb-image--effect-static wp-block-uagb-image--align-none\"><figure class=\"wp-block-uagb-image__figure\"><img decoding=\"async\" srcset=\"https:\/\/funasdalen.se\/wp-content\/uploads\/2025\/08\/kavans-gastcenter-1024x683.jpeg ,https:\/\/funasdalen.se\/wp-content\/uploads\/2025\/08\/kavans-gastcenter.jpeg 780w, https:\/\/funasdalen.se\/wp-content\/uploads\/2025\/08\/kavans-gastcenter.jpeg 360w\" sizes=\"auto, (max-width: 480px) 150px\" src=\"https:\/\/funasdalen.se\/wp-content\/uploads\/2025\/08\/kavans-gastcenter-1024x683.jpeg\" alt=\"Charming mountain hotel in Fun\u00e4sdalen with snowy surroundings and mountain views, perfect for skiing and mountain vacations. Enjoy the Swedish mountain environment and snow-covered landscape.\" class=\"uag-image-3867\" width=\"731\" height=\"500\" title=\"kavans guest center\" loading=\"lazy\" role=\"img\"\/><\/figure><\/div>\n<\/div>\n<\/div><\/div>","protected":false},"excerpt":{"rendered":"<p>K\u00e5vans G\u00e4stcenter K\u00e5van Restaurang &amp; Bar \u2013 lunch och fika med fj\u00e4llk\u00e4nsla K\u00e5van Restaurang &amp; Bar \u00e4r ett naturligt stopp mitt i skid\u00e5kningen. H\u00e4r hittar du lunch, fika och n\u00e5got varmt att dricka \u2013 perfekt f\u00f6r en paus i backen. P\u00e5 menyn hittar b\u00e5de varma r\u00e4tter, pinsa, bakverk och snacks. Utvalda kv\u00e4llar bjuder vi ocks\u00e5 in till afterski och pinsakv\u00e4llar. Fika och grillmys vid backen H\u00e4r kan du ta en kopp varm choklad, en kanelbulle eller god lunch och samtidigt njuta av den omgivande fj\u00e4llmilj\u00f6n. N\u00e4r v\u00e4dret till\u00e5ter t\u00e4nds grillen utomhus, och doften av nygrillat fyller K\u00e5vanomr\u00e5det \u2013 en upplevelse [&hellip;]<\/p>\n","protected":false},"author":1,"featured_media":3867,"parent":3774,"menu_order":0,"comment_status":"closed","ping_status":"open","template":"","meta":{"_uag_custom_page_level_css":"","site-sidebar-layout":"default","site-content-layout":"","ast-site-content-layout":"default","site-content-style":"default","site-sidebar-style":"default","ast-global-header-display":"","ast-banner-title-visibility":"","ast-main-header-display":"","ast-hfb-above-header-display":"","ast-hfb-below-header-display":"","ast-hfb-mobile-header-display":"","site-post-title":"","ast-breadcrumbs-content":"","ast-featured-img":"","footer-sml-layout":"","ast-disable-related-posts":"","theme-transparent-header-meta":"","adv-header-id-meta":"","stick-header-meta":"","header-above-stick-meta":"","header-main-stick-meta":"","header-below-stick-meta":"","astra-migrate-meta-layouts":"set","ast-page-background-enabled":"default","ast-page-background-meta":{"desktop":{"background-color":"","background-image":"","background-repeat":"repeat","background-position":"center center","background-size":"auto","background-attachment":"scroll","background-type":"","background-media":"","overlay-type":"","overlay-color":"","overlay-opacity":"","overlay-gradient":""},"tablet":{"background-color":"","background-image":"","background-repeat":"repeat","background-position":"center center","background-size":"auto","background-attachment":"scroll","background-type":"","background-media":"","overlay-type":"","overlay-color":"","overlay-opacity":"","overlay-gradient":""},"mobile":{"background-color":"","background-image":"","background-repeat":"repeat","background-position":"center center","background-size":"auto","background-attachment":"scroll","background-type":"","background-media":"","overlay-type":"","overlay-color":"","overlay-opacity":"","overlay-gradient":""}},"ast-content-background-meta":{"desktop":{"background-color":"var(--ast-global-color-5)","background-image":"","background-repeat":"repeat","background-position":"center center","background-size":"auto","background-attachment":"scroll","background-type":"","background-media":"","overlay-type":"","overlay-color":"","overlay-opacity":"","overlay-gradient":""},"tablet":{"background-color":"var(--ast-global-color-5)","background-image":"","background-repeat":"repeat","background-position":"center center","background-size":"auto","background-attachment":"scroll","background-type":"","background-media":"","overlay-type":"","overlay-color":"","overlay-opacity":"","overlay-gradient":""},"mobile":{"background-color":"var(--ast-global-color-5)","background-image":"","background-repeat":"repeat","background-position":"center center","background-size":"auto","background-attachment":"scroll","background-type":"","background-media":"","overlay-type":"","overlay-color":"","overlay-opacity":"","overlay-gradient":""}},"footnotes":""},"class_list":["post-4980","page","type-page","status-publish","has-post-thumbnail","hentry"],"spectra_custom_meta":{"_edit_lock":["1771421168:1"],"_uag_custom_page_level_css":[""],"site-sidebar-layout":["default"],"site-content-layout":[""],"ast-site-content-layout":["default"],"site-content-style":["default"],"site-sidebar-style":["default"],"ast-global-header-display":[""],"ast-banner-title-visibility":[""],"ast-main-header-display":[""],"ast-hfb-above-header-display":[""],"ast-hfb-below-header-display":[""],"ast-hfb-mobile-header-display":[""],"site-post-title":[""],"ast-breadcrumbs-content":[""],"ast-featured-img":[""],"footer-sml-layout":[""],"theme-transparent-header-meta":[""],"adv-header-id-meta":[""],"stick-header-meta":[""],"header-above-stick-meta":[""],"header-main-stick-meta":[""],"header-below-stick-meta":[""],"astra-migrate-meta-layouts":["set"],"ast-page-background-enabled":["default"],"ast-page-background-meta":["a:3:{s:7:\"desktop\";a:12:{s:16:\"background-color\";s:0:\"\";s:16:\"background-image\";s:0:\"\";s:17:\"background-repeat\";s:6:\"repeat\";s:19:\"background-position\";s:13:\"center center\";s:15:\"background-size\";s:4:\"auto\";s:21:\"background-attachment\";s:6:\"scroll\";s:15:\"background-type\";s:0:\"\";s:16:\"background-media\";s:0:\"\";s:12:\"overlay-type\";s:0:\"\";s:13:\"overlay-color\";s:0:\"\";s:15:\"overlay-opacity\";s:0:\"\";s:16:\"overlay-gradient\";s:0:\"\";}s:6:\"tablet\";a:12:{s:16:\"background-color\";s:0:\"\";s:16:\"background-image\";s:0:\"\";s:17:\"background-repeat\";s:6:\"repeat\";s:19:\"background-position\";s:13:\"center center\";s:15:\"background-size\";s:4:\"auto\";s:21:\"background-attachment\";s:6:\"scroll\";s:15:\"background-type\";s:0:\"\";s:16:\"background-media\";s:0:\"\";s:12:\"overlay-type\";s:0:\"\";s:13:\"overlay-color\";s:0:\"\";s:15:\"overlay-opacity\";s:0:\"\";s:16:\"overlay-gradient\";s:0:\"\";}s:6:\"mobile\";a:12:{s:16:\"background-color\";s:0:\"\";s:16:\"background-image\";s:0:\"\";s:17:\"background-repeat\";s:6:\"repeat\";s:19:\"background-position\";s:13:\"center center\";s:15:\"background-size\";s:4:\"auto\";s:21:\"background-attachment\";s:6:\"scroll\";s:15:\"background-type\";s:0:\"\";s:16:\"background-media\";s:0:\"\";s:12:\"overlay-type\";s:0:\"\";s:13:\"overlay-color\";s:0:\"\";s:15:\"overlay-opacity\";s:0:\"\";s:16:\"overlay-gradient\";s:0:\"\";}}"],"ast-content-background-meta":["a:3:{s:7:\"desktop\";a:12:{s:16:\"background-color\";s:25:\"var(--ast-global-color-5)\";s:16:\"background-image\";s:0:\"\";s:17:\"background-repeat\";s:6:\"repeat\";s:19:\"background-position\";s:13:\"center center\";s:15:\"background-size\";s:4:\"auto\";s:21:\"background-attachment\";s:6:\"scroll\";s:15:\"background-type\";s:0:\"\";s:16:\"background-media\";s:0:\"\";s:12:\"overlay-type\";s:0:\"\";s:13:\"overlay-color\";s:0:\"\";s:15:\"overlay-opacity\";s:0:\"\";s:16:\"overlay-gradient\";s:0:\"\";}s:6:\"tablet\";a:12:{s:16:\"background-color\";s:25:\"var(--ast-global-color-5)\";s:16:\"background-image\";s:0:\"\";s:17:\"background-repeat\";s:6:\"repeat\";s:19:\"background-position\";s:13:\"center center\";s:15:\"background-size\";s:4:\"auto\";s:21:\"background-attachment\";s:6:\"scroll\";s:15:\"background-type\";s:0:\"\";s:16:\"background-media\";s:0:\"\";s:12:\"overlay-type\";s:0:\"\";s:13:\"overlay-color\";s:0:\"\";s:15:\"overlay-opacity\";s:0:\"\";s:16:\"overlay-gradient\";s:0:\"\";}s:6:\"mobile\";a:12:{s:16:\"background-color\";s:25:\"var(--ast-global-color-5)\";s:16:\"background-image\";s:0:\"\";s:17:\"background-repeat\";s:6:\"repeat\";s:19:\"background-position\";s:13:\"center center\";s:15:\"background-size\";s:4:\"auto\";s:21:\"background-attachment\";s:6:\"scroll\";s:15:\"background-type\";s:0:\"\";s:16:\"background-media\";s:0:\"\";s:12:\"overlay-type\";s:0:\"\";s:13:\"overlay-color\";s:0:\"\";s:15:\"overlay-opacity\";s:0:\"\";s:16:\"overlay-gradient\";s:0:\"\";}}"],"footnotes":[""],"_edit_last":["1"],"_yoast_wpseo_content_score":["30"],"_yoast_wpseo_estimated-reading-time-minutes":["2"],"astra_style_timestamp_css":["1775718485"],"_thumbnail_id":["3867"],"_uagb_previous_block_counts":["a:90:{s:21:\"uagb\/advanced-heading\";i:3;s:15:\"uagb\/blockquote\";i:0;s:12:\"uagb\/buttons\";i:1;s:18:\"uagb\/buttons-child\";i:2;s:19:\"uagb\/call-to-action\";i:0;s:15:\"uagb\/cf7-styler\";i:0;s:11:\"uagb\/column\";i:0;s:12:\"uagb\/columns\";i:0;s:14:\"uagb\/container\";i:8;s:21:\"uagb\/content-timeline\";i:0;s:27:\"uagb\/content-timeline-child\";i:0;s:14:\"uagb\/countdown\";i:0;s:12:\"uagb\/counter\";i:0;s:8:\"uagb\/faq\";i:1;s:14:\"uagb\/faq-child\";i:1;s:10:\"uagb\/forms\";i:0;s:17:\"uagb\/forms-accept\";i:0;s:19:\"uagb\/forms-checkbox\";i:0;s:15:\"uagb\/forms-date\";i:0;s:16:\"uagb\/forms-email\";i:0;s:17:\"uagb\/forms-hidden\";i:0;s:15:\"uagb\/forms-name\";i:0;s:16:\"uagb\/forms-phone\";i:0;s:16:\"uagb\/forms-radio\";i:0;s:17:\"uagb\/forms-select\";i:0;s:19:\"uagb\/forms-textarea\";i:0;s:17:\"uagb\/forms-toggle\";i:0;s:14:\"uagb\/forms-url\";i:0;s:14:\"uagb\/gf-styler\";i:0;s:15:\"uagb\/google-map\";i:0;s:11:\"uagb\/how-to\";i:0;s:16:\"uagb\/how-to-step\";i:0;s:9:\"uagb\/icon\";i:0;s:14:\"uagb\/icon-list\";i:0;s:20:\"uagb\/icon-list-child\";i:0;s:10:\"uagb\/image\";i:2;s:18:\"uagb\/image-gallery\";i:0;s:13:\"uagb\/info-box\";i:0;s:18:\"uagb\/inline-notice\";i:0;s:11:\"uagb\/lottie\";i:0;s:21:\"uagb\/marketing-button\";i:0;s:10:\"uagb\/modal\";i:0;s:18:\"uagb\/popup-builder\";i:0;s:16:\"uagb\/post-button\";i:0;s:18:\"uagb\/post-carousel\";i:0;s:17:\"uagb\/post-excerpt\";i:0;s:14:\"uagb\/post-grid\";i:0;s:15:\"uagb\/post-image\";i:0;s:17:\"uagb\/post-masonry\";i:0;s:14:\"uagb\/post-meta\";i:0;s:18:\"uagb\/post-taxonomy\";i:0;s:18:\"uagb\/post-timeline\";i:0;s:15:\"uagb\/post-title\";i:0;s:20:\"uagb\/restaurant-menu\";i:0;s:26:\"uagb\/restaurant-menu-child\";i:0;s:11:\"uagb\/review\";i:0;s:12:\"uagb\/section\";i:0;s:14:\"uagb\/separator\";i:0;s:11:\"uagb\/slider\";i:0;s:17:\"uagb\/slider-child\";i:0;s:17:\"uagb\/social-share\";i:0;s:23:\"uagb\/social-share-child\";i:0;s:16:\"uagb\/star-rating\";i:0;s:23:\"uagb\/sure-cart-checkout\";i:0;s:22:\"uagb\/sure-cart-product\";i:0;s:15:\"uagb\/sure-forms\";i:0;s:22:\"uagb\/table-of-contents\";i:0;s:9:\"uagb\/tabs\";i:0;s:15:\"uagb\/tabs-child\";i:0;s:18:\"uagb\/taxonomy-list\";i:0;s:9:\"uagb\/team\";i:0;s:16:\"uagb\/testimonial\";i:0;s:14:\"uagb\/wp-search\";i:0;s:19:\"uagb\/instagram-feed\";i:0;s:10:\"uagb\/login\";i:0;s:17:\"uagb\/loop-builder\";i:0;s:18:\"uagb\/loop-category\";i:0;s:20:\"uagb\/loop-pagination\";i:0;s:15:\"uagb\/loop-reset\";i:0;s:16:\"uagb\/loop-search\";i:0;s:14:\"uagb\/loop-sort\";i:0;s:17:\"uagb\/loop-wrapper\";i:0;s:13:\"uagb\/register\";i:0;s:19:\"uagb\/register-email\";i:0;s:24:\"uagb\/register-first-name\";i:0;s:23:\"uagb\/register-last-name\";i:0;s:22:\"uagb\/register-password\";i:0;s:30:\"uagb\/register-reenter-password\";i:0;s:19:\"uagb\/register-terms\";i:0;s:22:\"uagb\/register-username\";i:0;}"],"_wds_readability":["a:4:{s:5:\"score\";i:0;s:9:\"raw_score\";b:0;s:11:\"is_readable\";b:0;s:5:\"error\";s:40:\"Your language is currently not supported\";}"],"_wds_trimmed_excerpt":["K\u00e5vans G\u00e4stcenter K\u00e5van Restaurang &amp; Bar \u2013 lunch och fika med fj\u00e4llk\u00e4nslaK\u00e5van Restaurang &amp; Bar \u00e4r ett naturligt stopp mitt i skid\u00e5kningen. H\u00e4r hitt ..."],"_wphb_singular_css_status":["error"]},"uagb_featured_image_src":{"full":["https:\/\/funasdalen.se\/wp-content\/uploads\/2025\/08\/kavans-gastcenter.jpeg",1200,800,false],"thumbnail":["https:\/\/funasdalen.se\/wp-content\/uploads\/2025\/08\/kavans-gastcenter-150x150.jpeg",150,150,true],"medium":["https:\/\/funasdalen.se\/wp-content\/uploads\/2025\/08\/kavans-gastcenter-300x200.jpeg",300,200,true],"medium_large":["https:\/\/funasdalen.se\/wp-content\/uploads\/2025\/08\/kavans-gastcenter-768x512.jpeg",768,512,true],"large":["https:\/\/funasdalen.se\/wp-content\/uploads\/2025\/08\/kavans-gastcenter-1024x683.jpeg",1024,683,true],"1536x1536":["https:\/\/funasdalen.se\/wp-content\/uploads\/2025\/08\/kavans-gastcenter.jpeg",1200,800,false],"2048x2048":["https:\/\/funasdalen.se\/wp-content\/uploads\/2025\/08\/kavans-gastcenter.jpeg",1200,800,false],"trp-custom-language-flag":["https:\/\/funasdalen.se\/wp-content\/uploads\/2025\/08\/kavans-gastcenter.jpeg",18,12,false]},"uagb_author_info":{"display_name":"Emil Ericsson","author_link":"https:\/\/funasdalen.se\/en\/author\/emiladmin\/"},"uagb_comment_info":0,"uagb_excerpt":"K\u00e5vans G\u00e4stcenter K\u00e5van Restaurang &amp; Bar \u2013 lunch och fika med fj\u00e4llk\u00e4nsla K\u00e5van Restaurang &amp; Bar \u00e4r ett naturligt stopp mitt i skid\u00e5kningen. H\u00e4r hittar du lunch, fika och n\u00e5got varmt att dricka \u2013 perfekt f\u00f6r en paus i backen. P\u00e5 menyn hittar b\u00e5de varma r\u00e4tter, pinsa, bakverk och snacks. Utvalda kv\u00e4llar bjuder vi ocks\u00e5&hellip;","_links":{"self":[{"href":"https:\/\/funasdalen.se\/en\/wp-json\/wp\/v2\/pages\/4980","targetHints":{"allow":["GET"]}}],"collection":[{"href":"https:\/\/funasdalen.se\/en\/wp-json\/wp\/v2\/pages"}],"about":[{"href":"https:\/\/funasdalen.se\/en\/wp-json\/wp\/v2\/types\/page"}],"author":[{"embeddable":true,"href":"https:\/\/funasdalen.se\/en\/wp-json\/wp\/v2\/users\/1"}],"replies":[{"embeddable":true,"href":"https:\/\/funasdalen.se\/en\/wp-json\/wp\/v2\/comments?post=4980"}],"version-history":[{"count":0,"href":"https:\/\/funasdalen.se\/en\/wp-json\/wp\/v2\/pages\/4980\/revisions"}],"up":[{"embeddable":true,"href":"https:\/\/funasdalen.se\/en\/wp-json\/wp\/v2\/pages\/3774"}],"wp:featuredmedia":[{"embeddable":true,"href":"https:\/\/funasdalen.se\/en\/wp-json\/wp\/v2\/media\/3867"}],"wp:attachment":[{"href":"https:\/\/funasdalen.se\/en\/wp-json\/wp\/v2\/media?parent=4980"}],"curies":[{"name":"wp","href":"https:\/\/api.w.org\/{rel}","templated":true}]}}