{"id":5061,"date":"2025-09-08T08:48:01","date_gmt":"2025-09-08T08:48:01","guid":{"rendered":"https:\/\/funasdalen.se\/?page_id=5061"},"modified":"2025-10-02T11:11:50","modified_gmt":"2025-10-02T11:11:50","slug":"real-estate-development","status":"publish","type":"page","link":"https:\/\/funasdalen.se\/en\/boende\/fastighetsutveckling\/","title":{"rendered":"Real estate development"},"content":{"rendered":"<div class=\"wp-block-uagb-container uagb-block-46f185cd alignfull uagb-is-root-container\">\n<header class=\"wp-block-uagb-advanced-heading uagb-block-e96a24a7\"><h1 class=\"uagb-heading-text\">Real estate development in Fun\u00e4sdalen<\/h1><div class=\"uagb-separator\"><\/div><\/header>\n<\/div>\n\n\n\n<div class=\"wp-block-uagb-container uag-blocks-common-selector uagb-block-25fc7c27 alignfull uagb-is-root-container\"><div class=\"uagb-container-inner-blocks-wrap\">\n<div class=\"wp-block-uagb-container uagb-block-0158e845\">\n<div class=\"wp-block-uagb-advanced-heading uagb-block-e033b626\"><h2 class=\"uagb-heading-text\">Your mountain home in Fun\u00e4sdalen<\/h2><p class=\"uagb-desc-text\">To live in Fun\u00e4sdalen is to have the mountains as your closest neighbor - every day, all year round. Here, the security of a small community meets the great freedom of the mountains. As more and more people discover the charm of the village and its proximity to nature, the demand for housing and holiday homes is growing. Now is your chance to become part of a vibrant mountain village, whether you dream of your own cottage, a modern apartment, or want to invest in a place that offers both returns and quality of life. On this page we present current and upcoming real estate projects in Fun\u00e4sdalen - welcome to find your mountain home.<\/p><\/div>\n<\/div>\n\n\n\n<div class=\"wp-block-uagb-container uag-blocks-common-selector uagb-block-03cb8940\">\n<div data-aos= \"fade-up\" data-aos-duration=\"400\" data-aos-delay=\"0\" data-aos-easing=\"ease\" data-aos-once=\"true\" class=\"wp-block-uagb-image uagb-block-ca6fe7ed wp-block-uagb-image--layout-default wp-block-uagb-image--effect-static wp-block-uagb-image--align-none uag-blocks-common-selector\" style=\"--z-index-desktop:undefined;;--z-index-tablet:1000;;--z-index-mobile:undefined;\"><figure class=\"wp-block-uagb-image__figure\"><img decoding=\"async\" srcset=\"https:\/\/funasdalen.se\/wp-content\/uploads\/2025\/08\/dji_0194-1024x576.jpg ,https:\/\/funasdalen.se\/wp-content\/uploads\/2025\/08\/dji_0194-scaled.jpg 780w, https:\/\/funasdalen.se\/wp-content\/uploads\/2025\/08\/dji_0194-scaled.jpg 360w\" sizes=\"auto, (max-width: 480px) 150px\" src=\"https:\/\/funasdalen.se\/wp-content\/uploads\/2025\/08\/dji_0194-1024x576.jpg\" alt=\"\" class=\"uag-image-3629\" width=\"1024\" height=\"576\" title=\"\" loading=\"lazy\" role=\"presentation\"\/><\/figure><\/div>\n<\/div>\n<\/div><\/div>\n\n\n\n<div class=\"wp-block-uagb-container uagb-block-wpq1w9fp alignfull uagb-is-root-container\"><div class=\"uagb-container-inner-blocks-wrap\">\n<div class=\"wp-block-uagb-container uagb-block-23i6j2pe\">\n<div class=\"wp-block-uagb-container uagb-block-f4mcalbc\">\n<div class=\"wp-block-uagb-image aligncenter uagb-block-8iijezuv wp-block-uagb-image--layout-default wp-block-uagb-image--effect-static wp-block-uagb-image--align-center alignleft\"><figure class=\"wp-block-uagb-image__figure\"><img decoding=\"async\" srcset=\"https:\/\/funasdalen.se\/wp-content\/uploads\/2025\/09\/Ljungvind-1024x723.jpeg ,https:\/\/funasdalen.se\/wp-content\/uploads\/2025\/09\/Ljungvind.jpeg 780w, https:\/\/funasdalen.se\/wp-content\/uploads\/2025\/09\/Ljungvind.jpeg 360w\" sizes=\"auto, (max-width: 480px) 150px\" src=\"https:\/\/funasdalen.se\/wp-content\/uploads\/2025\/09\/Ljungvind-1024x723.jpeg\" alt=\"\" class=\"uag-image-5062\" width=\"600\" height=\"400\" title=\"Heather wind\" loading=\"lazy\" role=\"img\"\/><\/figure><\/div>\n\n\n\n<div class=\"wp-block-uagb-info-box uagb-block-0kkjvo6p uagb-infobox__content-wrap  uagb-infobox-icon-above-title uagb-infobox-image-valign-top\"><div class=\"uagb-ifb-content\"><div class=\"uagb-ifb-title-wrap\"><h3 class=\"uagb-ifb-title\">Heather wind<\/h3><\/div><p class=\"uagb-ifb-desc\">With Fun\u00e4sdalen's ski resort in front of you and the primeval forest of H\u00e4rjedalen behind you, lies the mountain village of Ljungvind. Here the view is miles wide and a stone's throw from the door is Scandinavia's largest ski area. Ljungvind is designed to suit the truly dedicated skiers, adventurers and mountain families. Great care has therefore been taken to create functional accommodation, but without sacrificing anything that creates a peaceful atmosphere. The homes in Ljungvind are therefore just as suitable for a week's training camp with the ski team, as for the family who wants to create memories together in a wonderful wilderness environment. Ljungvind is located in the heart of Fun\u00e4sdalen's ski resort with ski-in-ski-out location and walking distance to the center of K\u00e5van.<\/p><\/div><\/div>\n\n\n\n<div class=\"wp-block-uagb-buttons uagb-buttons__outer-wrap uagb-btn__default-btn uagb-btn-tablet__default-btn uagb-btn-mobile__default-btn uagb-block-2ajf62jx\"><div class=\"uagb-buttons__wrap uagb-buttons-layout-wrap\">\n<div class=\"wp-block-uagb-buttons-child uagb-buttons__outer-wrap uagb-block-ni7cqdxs wp-block-button\"><div class=\"uagb-button__wrapper\"><a class=\"uagb-buttons-repeater wp-block-button__link\" aria-label=\"\" href=\"https:\/\/ljungvind.nowland.se\/\" rel=\"follow noopener\" target=\"_blank\" role=\"button\"><div class=\"uagb-button__link\">Heather wind<\/div><span class=\"uagb-button__icon uagb-button__icon-position-after\"><svg xmlns=\"https:\/\/www.w3.org\/2000\/svg\" viewbox=\"0 0 320 512\" aria-hidden=\"true\" focussable=\"false\"><path d=\"M96 480c-8.188 0-16.38-3.125-22.62-9.375c-12.5-12.5-12.5-32.75 0-45.25L242.8 256L73.38 86.63c-12.5-12.5-12.5-32.75 0-45.25s32.75-12.5 45.25 0l192 192c12.5 12.5 12.5 32.75 0 45.25l-192 192C112.4 476.9 104.2 480 96 480z\"><\/path><\/svg><\/span><\/a><\/div><\/div>\n<\/div><\/div>\n<\/div>\n\n\n\n<div class=\"wp-block-uagb-container uagb-block-q3gnhbks\">\n<div class=\"wp-block-uagb-image alignleft uagb-block-2xh9m0mb wp-block-uagb-image--layout-default wp-block-uagb-image--effect-static wp-block-uagb-image--align-left\"><figure class=\"wp-block-uagb-image__figure\"><img decoding=\"async\" srcset=\"https:\/\/funasdalen.se\/wp-content\/uploads\/2025\/09\/kavan-chalet-townhouse-fb-1024x692.jpg ,https:\/\/funasdalen.se\/wp-content\/uploads\/2025\/09\/kavan-chalet-townhouse-fb.jpg 780w, https:\/\/funasdalen.se\/wp-content\/uploads\/2025\/09\/kavan-chalet-townhouse-fb.jpg 360w\" sizes=\"auto, (max-width: 480px) 150px\" src=\"https:\/\/funasdalen.se\/wp-content\/uploads\/2025\/09\/kavan-chalet-townhouse-fb-1024x692.jpg\" alt=\"\" class=\"uag-image-5063\" width=\"600\" height=\"400\" title=\"kavan-chalet-townhouse-fb\" loading=\"lazy\" role=\"img\"\/><\/figure><\/div>\n\n\n\n<div class=\"wp-block-uagb-info-box uagb-block-xpvux1ia uagb-infobox__content-wrap  uagb-infobox-icon-above-title uagb-infobox-image-valign-top\"><div class=\"uagb-ifb-content\"><div class=\"uagb-ifb-title-wrap\"><h3 class=\"uagb-ifb-title\">K\u00e5van Chalet &amp; Townhouse<\/h3><\/div><p class=\"uagb-ifb-desc\">At the foot of Fun\u00e4sdalsberget, directly adjacent to the ski slopes, a new center area is currently being developed like \u00c5re Sadeln, containing housing, hotels, restaurants and other functions associated with skiing and outdoor life. Here, with the best location in K\u00e5van, Ski in \/ Ski out, Protorp will build 20 apartments in two stages, BRF K\u00e5van Chalet &amp; Townhouse. The apartments have an area between 71-143 sqm (8-11 beds) planned to effectively suit an active lifestyle and accommodate several families without compromising on generous rooms for socializing and community after the day's adventures. Furnishings are chosen with careful attention to detail to create a harmonious and exclusive mountain feel.<\/p><\/div><\/div>\n\n\n\n<div class=\"wp-block-uagb-buttons uagb-buttons__outer-wrap uagb-btn__default-btn uagb-btn-tablet__default-btn uagb-btn-mobile__default-btn uagb-block-mhqhjdtq\"><div class=\"uagb-buttons__wrap uagb-buttons-layout-wrap\">\n<div class=\"wp-block-uagb-buttons-child uagb-buttons__outer-wrap uagb-block-cmkeaqs5 wp-block-button\"><div class=\"uagb-button__wrapper\"><a class=\"uagb-buttons-repeater wp-block-button__link\" aria-label=\"\" href=\"https:\/\/www.funasliving.se\/\" rel=\"follow noopener\" target=\"_blank\" role=\"button\"><div class=\"uagb-button__link\">K\u00e5van Chalet &amp; Townhouse<\/div><span class=\"uagb-button__icon uagb-button__icon-position-after\"><svg xmlns=\"https:\/\/www.w3.org\/2000\/svg\" viewbox=\"0 0 320 512\" aria-hidden=\"true\" focussable=\"false\"><path d=\"M96 480c-8.188 0-16.38-3.125-22.62-9.375c-12.5-12.5-12.5-32.75 0-45.25L242.8 256L73.38 86.63c-12.5-12.5-12.5-32.75 0-45.25s32.75-12.5 45.25 0l192 192c12.5 12.5 12.5 32.75 0 45.25l-192 192C112.4 476.9 104.2 480 96 480z\"><\/path><\/svg><\/span><\/a><\/div><\/div>\n<\/div><\/div>\n<\/div>\n<\/div>\n<\/div><\/div>","protected":false},"excerpt":{"rendered":"<p>Fastighetsutveckling i Fun\u00e4sdalen Ditt fj\u00e4llhem i Fun\u00e4sdalen Att bo i Fun\u00e4sdalen \u00e4r att ha fj\u00e4llen som n\u00e4rmaste granne \u2013 varje dag, \u00e5ret runt. H\u00e4r m\u00f6ts det lilla samh\u00e4llets trygghet med den stora friheten i fj\u00e4llv\u00e4rlden. I takt med att allt fler uppt\u00e4cker byns charm och n\u00e4rheten till naturen v\u00e4xer efterfr\u00e5gan p\u00e5 bost\u00e4der och fritidsboenden. Nu har du m\u00f6jlighet att bli en del av en levande fj\u00e4llby, oavsett om du dr\u00f6mmer om en egen stuga, en modern l\u00e4genhet eller vill investera i en plats som b\u00e5de ger avkastning och livskvalitet. P\u00e5 den h\u00e4r sidan presenterar vi aktuella och kommande fastighetsprojekt i [&hellip;]<\/p>\n","protected":false},"author":1,"featured_media":5062,"parent":5516,"menu_order":0,"comment_status":"closed","ping_status":"open","template":"","meta":{"_uag_custom_page_level_css":"","site-sidebar-layout":"default","site-content-layout":"","ast-site-content-layout":"default","site-content-style":"default","site-sidebar-style":"default","ast-global-header-display":"","ast-banner-title-visibility":"","ast-main-header-display":"","ast-hfb-above-header-display":"","ast-hfb-below-header-display":"","ast-hfb-mobile-header-display":"","site-post-title":"","ast-breadcrumbs-content":"","ast-featured-img":"","footer-sml-layout":"","ast-disable-related-posts":"","theme-transparent-header-meta":"","adv-header-id-meta":"","stick-header-meta":"","header-above-stick-meta":"","header-main-stick-meta":"","header-below-stick-meta":"","astra-migrate-meta-layouts":"set","ast-page-background-enabled":"default","ast-page-background-meta":{"desktop":{"background-color":"","background-image":"","background-repeat":"repeat","background-position":"center center","background-size":"auto","background-attachment":"scroll","background-type":"","background-media":"","overlay-type":"","overlay-color":"","overlay-opacity":"","overlay-gradient":""},"tablet":{"background-color":"","background-image":"","background-repeat":"repeat","background-position":"center center","background-size":"auto","background-attachment":"scroll","background-type":"","background-media":"","overlay-type":"","overlay-color":"","overlay-opacity":"","overlay-gradient":""},"mobile":{"background-color":"","background-image":"","background-repeat":"repeat","background-position":"center center","background-size":"auto","background-attachment":"scroll","background-type":"","background-media":"","overlay-type":"","overlay-color":"","overlay-opacity":"","overlay-gradient":""}},"ast-content-background-meta":{"desktop":{"background-color":"var(--ast-global-color-5)","background-image":"","background-repeat":"repeat","background-position":"center center","background-size":"auto","background-attachment":"scroll","background-type":"","background-media":"","overlay-type":"","overlay-color":"","overlay-opacity":"","overlay-gradient":""},"tablet":{"background-color":"var(--ast-global-color-5)","background-image":"","background-repeat":"repeat","background-position":"center center","background-size":"auto","background-attachment":"scroll","background-type":"","background-media":"","overlay-type":"","overlay-color":"","overlay-opacity":"","overlay-gradient":""},"mobile":{"background-color":"var(--ast-global-color-5)","background-image":"","background-repeat":"repeat","background-position":"center center","background-size":"auto","background-attachment":"scroll","background-type":"","background-media":"","overlay-type":"","overlay-color":"","overlay-opacity":"","overlay-gradient":""}},"footnotes":""},"class_list":["post-5061","page","type-page","status-publish","has-post-thumbnail","hentry"],"spectra_custom_meta":{"_edit_lock":["1775322010:3"],"_uag_custom_page_level_css":[""],"_srfm_email_conditional_meta":[""],"site-sidebar-layout":["default"],"site-content-layout":[""],"ast-site-content-layout":["default"],"site-content-style":["default"],"site-sidebar-style":["default"],"ast-global-header-display":[""],"ast-banner-title-visibility":[""],"ast-main-header-display":[""],"ast-hfb-above-header-display":[""],"ast-hfb-below-header-display":[""],"ast-hfb-mobile-header-display":[""],"site-post-title":[""],"ast-breadcrumbs-content":[""],"ast-featured-img":[""],"footer-sml-layout":[""],"theme-transparent-header-meta":[""],"adv-header-id-meta":[""],"stick-header-meta":[""],"header-above-stick-meta":[""],"header-main-stick-meta":[""],"header-below-stick-meta":[""],"astra-migrate-meta-layouts":["set"],"ast-page-background-enabled":["default"],"ast-page-background-meta":["a:3:{s:7:\"desktop\";a:12:{s:16:\"background-color\";s:0:\"\";s:16:\"background-image\";s:0:\"\";s:17:\"background-repeat\";s:6:\"repeat\";s:19:\"background-position\";s:13:\"center center\";s:15:\"background-size\";s:4:\"auto\";s:21:\"background-attachment\";s:6:\"scroll\";s:15:\"background-type\";s:0:\"\";s:16:\"background-media\";s:0:\"\";s:12:\"overlay-type\";s:0:\"\";s:13:\"overlay-color\";s:0:\"\";s:15:\"overlay-opacity\";s:0:\"\";s:16:\"overlay-gradient\";s:0:\"\";}s:6:\"tablet\";a:12:{s:16:\"background-color\";s:0:\"\";s:16:\"background-image\";s:0:\"\";s:17:\"background-repeat\";s:6:\"repeat\";s:19:\"background-position\";s:13:\"center center\";s:15:\"background-size\";s:4:\"auto\";s:21:\"background-attachment\";s:6:\"scroll\";s:15:\"background-type\";s:0:\"\";s:16:\"background-media\";s:0:\"\";s:12:\"overlay-type\";s:0:\"\";s:13:\"overlay-color\";s:0:\"\";s:15:\"overlay-opacity\";s:0:\"\";s:16:\"overlay-gradient\";s:0:\"\";}s:6:\"mobile\";a:12:{s:16:\"background-color\";s:0:\"\";s:16:\"background-image\";s:0:\"\";s:17:\"background-repeat\";s:6:\"repeat\";s:19:\"background-position\";s:13:\"center center\";s:15:\"background-size\";s:4:\"auto\";s:21:\"background-attachment\";s:6:\"scroll\";s:15:\"background-type\";s:0:\"\";s:16:\"background-media\";s:0:\"\";s:12:\"overlay-type\";s:0:\"\";s:13:\"overlay-color\";s:0:\"\";s:15:\"overlay-opacity\";s:0:\"\";s:16:\"overlay-gradient\";s:0:\"\";}}"],"ast-content-background-meta":["a:3:{s:7:\"desktop\";a:12:{s:16:\"background-color\";s:25:\"var(--ast-global-color-5)\";s:16:\"background-image\";s:0:\"\";s:17:\"background-repeat\";s:6:\"repeat\";s:19:\"background-position\";s:13:\"center center\";s:15:\"background-size\";s:4:\"auto\";s:21:\"background-attachment\";s:6:\"scroll\";s:15:\"background-type\";s:0:\"\";s:16:\"background-media\";s:0:\"\";s:12:\"overlay-type\";s:0:\"\";s:13:\"overlay-color\";s:0:\"\";s:15:\"overlay-opacity\";s:0:\"\";s:16:\"overlay-gradient\";s:0:\"\";}s:6:\"tablet\";a:12:{s:16:\"background-color\";s:25:\"var(--ast-global-color-5)\";s:16:\"background-image\";s:0:\"\";s:17:\"background-repeat\";s:6:\"repeat\";s:19:\"background-position\";s:13:\"center center\";s:15:\"background-size\";s:4:\"auto\";s:21:\"background-attachment\";s:6:\"scroll\";s:15:\"background-type\";s:0:\"\";s:16:\"background-media\";s:0:\"\";s:12:\"overlay-type\";s:0:\"\";s:13:\"overlay-color\";s:0:\"\";s:15:\"overlay-opacity\";s:0:\"\";s:16:\"overlay-gradient\";s:0:\"\";}s:6:\"mobile\";a:12:{s:16:\"background-color\";s:25:\"var(--ast-global-color-5)\";s:16:\"background-image\";s:0:\"\";s:17:\"background-repeat\";s:6:\"repeat\";s:19:\"background-position\";s:13:\"center center\";s:15:\"background-size\";s:4:\"auto\";s:21:\"background-attachment\";s:6:\"scroll\";s:15:\"background-type\";s:0:\"\";s:16:\"background-media\";s:0:\"\";s:12:\"overlay-type\";s:0:\"\";s:13:\"overlay-color\";s:0:\"\";s:15:\"overlay-opacity\";s:0:\"\";s:16:\"overlay-gradient\";s:0:\"\";}}"],"footnotes":[""],"_edit_last":["1"],"_yoast_wpseo_content_score":["30"],"_yoast_wpseo_estimated-reading-time-minutes":["3"],"astra_style_timestamp_css":["1776415993"],"_thumbnail_id":["5062"],"_uag_css_file_name":["uag-css-5061.css"],"_uag_js_file_name":["uag-js-5061.js"],"_wds_readability":["a:4:{s:5:\"score\";i:0;s:9:\"raw_score\";b:0;s:11:\"is_readable\";b:0;s:5:\"error\";s:40:\"Your language is currently not supported\";}"],"_wphb_singular_css_status":["error"],"_uagb_previous_block_counts":["a:90:{s:21:\"uagb\/advanced-heading\";i:2;s:15:\"uagb\/blockquote\";i:0;s:12:\"uagb\/buttons\";i:2;s:18:\"uagb\/buttons-child\";i:2;s:19:\"uagb\/call-to-action\";i:0;s:15:\"uagb\/cf7-styler\";i:0;s:11:\"uagb\/column\";i:0;s:12:\"uagb\/columns\";i:0;s:14:\"uagb\/container\";i:8;s:21:\"uagb\/content-timeline\";i:0;s:27:\"uagb\/content-timeline-child\";i:0;s:14:\"uagb\/countdown\";i:0;s:12:\"uagb\/counter\";i:0;s:8:\"uagb\/faq\";i:0;s:14:\"uagb\/faq-child\";i:0;s:10:\"uagb\/forms\";i:0;s:17:\"uagb\/forms-accept\";i:0;s:19:\"uagb\/forms-checkbox\";i:0;s:15:\"uagb\/forms-date\";i:0;s:16:\"uagb\/forms-email\";i:0;s:17:\"uagb\/forms-hidden\";i:0;s:15:\"uagb\/forms-name\";i:0;s:16:\"uagb\/forms-phone\";i:0;s:16:\"uagb\/forms-radio\";i:0;s:17:\"uagb\/forms-select\";i:0;s:19:\"uagb\/forms-textarea\";i:0;s:17:\"uagb\/forms-toggle\";i:0;s:14:\"uagb\/forms-url\";i:0;s:14:\"uagb\/gf-styler\";i:0;s:15:\"uagb\/google-map\";i:0;s:11:\"uagb\/how-to\";i:0;s:16:\"uagb\/how-to-step\";i:0;s:9:\"uagb\/icon\";i:0;s:14:\"uagb\/icon-list\";i:0;s:20:\"uagb\/icon-list-child\";i:0;s:10:\"uagb\/image\";i:3;s:18:\"uagb\/image-gallery\";i:0;s:13:\"uagb\/info-box\";i:2;s:18:\"uagb\/inline-notice\";i:0;s:11:\"uagb\/lottie\";i:0;s:21:\"uagb\/marketing-button\";i:0;s:10:\"uagb\/modal\";i:0;s:18:\"uagb\/popup-builder\";i:0;s:16:\"uagb\/post-button\";i:0;s:18:\"uagb\/post-carousel\";i:0;s:17:\"uagb\/post-excerpt\";i:0;s:14:\"uagb\/post-grid\";i:0;s:15:\"uagb\/post-image\";i:0;s:17:\"uagb\/post-masonry\";i:0;s:14:\"uagb\/post-meta\";i:0;s:18:\"uagb\/post-taxonomy\";i:0;s:18:\"uagb\/post-timeline\";i:0;s:15:\"uagb\/post-title\";i:0;s:20:\"uagb\/restaurant-menu\";i:0;s:26:\"uagb\/restaurant-menu-child\";i:0;s:11:\"uagb\/review\";i:0;s:12:\"uagb\/section\";i:0;s:14:\"uagb\/separator\";i:0;s:11:\"uagb\/slider\";i:0;s:17:\"uagb\/slider-child\";i:0;s:17:\"uagb\/social-share\";i:0;s:23:\"uagb\/social-share-child\";i:0;s:16:\"uagb\/star-rating\";i:0;s:23:\"uagb\/sure-cart-checkout\";i:0;s:22:\"uagb\/sure-cart-product\";i:0;s:15:\"uagb\/sure-forms\";i:0;s:22:\"uagb\/table-of-contents\";i:0;s:9:\"uagb\/tabs\";i:0;s:15:\"uagb\/tabs-child\";i:0;s:18:\"uagb\/taxonomy-list\";i:0;s:9:\"uagb\/team\";i:0;s:16:\"uagb\/testimonial\";i:0;s:14:\"uagb\/wp-search\";i:0;s:19:\"uagb\/instagram-feed\";i:0;s:10:\"uagb\/login\";i:0;s:17:\"uagb\/loop-builder\";i:0;s:18:\"uagb\/loop-category\";i:0;s:20:\"uagb\/loop-pagination\";i:0;s:15:\"uagb\/loop-reset\";i:0;s:16:\"uagb\/loop-search\";i:0;s:14:\"uagb\/loop-sort\";i:0;s:17:\"uagb\/loop-wrapper\";i:0;s:13:\"uagb\/register\";i:0;s:19:\"uagb\/register-email\";i:0;s:24:\"uagb\/register-first-name\";i:0;s:23:\"uagb\/register-last-name\";i:0;s:22:\"uagb\/register-password\";i:0;s:30:\"uagb\/register-reenter-password\";i:0;s:19:\"uagb\/register-terms\";i:0;s:22:\"uagb\/register-username\";i:0;}"],"_uagb_last_spectra_edit":["1773050711"],"_wds_focus-keywords":[""]},"uagb_featured_image_src":{"full":["https:\/\/funasdalen.se\/wp-content\/uploads\/2025\/09\/Ljungvind.jpeg",1699,1200,false],"thumbnail":["https:\/\/funasdalen.se\/wp-content\/uploads\/2025\/09\/Ljungvind-150x150.jpeg",150,150,true],"medium":["https:\/\/funasdalen.se\/wp-content\/uploads\/2025\/09\/Ljungvind-300x212.jpeg",300,212,true],"medium_large":["https:\/\/funasdalen.se\/wp-content\/uploads\/2025\/09\/Ljungvind-768x543.jpeg",768,543,true],"large":["https:\/\/funasdalen.se\/wp-content\/uploads\/2025\/09\/Ljungvind-1024x723.jpeg",1024,723,true],"1536x1536":["https:\/\/funasdalen.se\/wp-content\/uploads\/2025\/09\/Ljungvind-1536x1085.jpeg",1536,1085,true],"2048x2048":["https:\/\/funasdalen.se\/wp-content\/uploads\/2025\/09\/Ljungvind.jpeg",1699,1200,false],"trp-custom-language-flag":["https:\/\/funasdalen.se\/wp-content\/uploads\/2025\/09\/Ljungvind-18x12.jpeg",18,12,true]},"uagb_author_info":{"display_name":"Emil Ericsson","author_link":"https:\/\/funasdalen.se\/en\/author\/emiladmin\/"},"uagb_comment_info":0,"uagb_excerpt":"Fastighetsutveckling i Fun\u00e4sdalen Ditt fj\u00e4llhem i Fun\u00e4sdalen Att bo i Fun\u00e4sdalen \u00e4r att ha fj\u00e4llen som n\u00e4rmaste granne \u2013 varje dag, \u00e5ret runt. H\u00e4r m\u00f6ts det lilla samh\u00e4llets trygghet med den stora friheten i fj\u00e4llv\u00e4rlden. I takt med att allt fler uppt\u00e4cker byns charm och n\u00e4rheten till naturen v\u00e4xer efterfr\u00e5gan p\u00e5 bost\u00e4der och fritidsboenden. Nu&hellip;","_links":{"self":[{"href":"https:\/\/funasdalen.se\/en\/wp-json\/wp\/v2\/pages\/5061","targetHints":{"allow":["GET"]}}],"collection":[{"href":"https:\/\/funasdalen.se\/en\/wp-json\/wp\/v2\/pages"}],"about":[{"href":"https:\/\/funasdalen.se\/en\/wp-json\/wp\/v2\/types\/page"}],"author":[{"embeddable":true,"href":"https:\/\/funasdalen.se\/en\/wp-json\/wp\/v2\/users\/1"}],"replies":[{"embeddable":true,"href":"https:\/\/funasdalen.se\/en\/wp-json\/wp\/v2\/comments?post=5061"}],"version-history":[{"count":0,"href":"https:\/\/funasdalen.se\/en\/wp-json\/wp\/v2\/pages\/5061\/revisions"}],"up":[{"embeddable":true,"href":"https:\/\/funasdalen.se\/en\/wp-json\/wp\/v2\/pages\/5516"}],"wp:featuredmedia":[{"embeddable":true,"href":"https:\/\/funasdalen.se\/en\/wp-json\/wp\/v2\/media\/5062"}],"wp:attachment":[{"href":"https:\/\/funasdalen.se\/en\/wp-json\/wp\/v2\/media?parent=5061"}],"curies":[{"name":"wp","href":"https:\/\/api.w.org\/{rel}","templated":true}]}}